{"id":837,"date":"2020-09-11T21:50:24","date_gmt":"2020-09-11T21:50:24","guid":{"rendered":"http:\/\/agacorporativa.com\/gt\/?page_id=837"},"modified":"2020-09-11T22:15:19","modified_gmt":"2020-09-11T22:15:19","slug":"ver","status":"publish","type":"page","link":"http:\/\/agacorporativa.com\/gt\/ver\/","title":{"rendered":"Ver"},"content":{"rendered":"<p>[et_pb_section fb_built=\u00bb1&#8243; fullwidth=\u00bbon\u00bb _builder_version=\u00bb4.0.2&#8243; da_disable_devices=\u00bboff|off|off\u00bb da_is_popup=\u00bboff\u00bb da_exit_intent=\u00bboff\u00bb da_has_close=\u00bbon\u00bb da_alt_close=\u00bboff\u00bb da_dark_close=\u00bboff\u00bb da_not_modal=\u00bbon\u00bb da_is_singular=\u00bboff\u00bb da_with_loader=\u00bboff\u00bb da_has_shadow=\u00bbon\u00bb][et_pb_fullwidth_header text_orientation=\u00bbcenter\u00bb background_overlay_color=\u00bb#848389&#8243; _builder_version=\u00bb4.0.2&#8243; title_font=\u00bb|||on|||||\u00bb title_font_size=\u00bb36px\u00bb title_letter_spacing=\u00bb7px\u00bb background_color=\u00bb#ffffff\u00bb background_enable_image=\u00bboff\u00bb max_width=\u00bb100%\u00bb height=\u00bb128px\u00bb custom_padding=\u00bb12px||||false|false\u00bb]<\/p>\n<h1>VER<\/h1>\n<p>[\/et_pb_fullwidth_header][\/et_pb_section][et_pb_section fb_built=\u00bb1&#8243; _builder_version=\u00bb4.0.2&#8243; da_disable_devices=\u00bboff|off|off\u00bb da_is_popup=\u00bboff\u00bb da_exit_intent=\u00bboff\u00bb da_has_close=\u00bbon\u00bb da_alt_close=\u00bboff\u00bb da_dark_close=\u00bboff\u00bb da_not_modal=\u00bbon\u00bb da_is_singular=\u00bboff\u00bb da_with_loader=\u00bboff\u00bb da_has_shadow=\u00bbon\u00bb][et_pb_row column_structure=\u00bb1_3,1_3,1_3&#8243; _builder_version=\u00bb4.0.2&#8243;][et_pb_column type=\u00bb1_3&#8243; _builder_version=\u00bb4.0.2&#8243;][et_pb_image src=\u00bbhttp:\/\/agacorporativa.com\/gt\/wp-content\/uploads\/2020\/09\/planificacion-comunicacion.jpg\u00bb _builder_version=\u00bb4.0.2&#8243; hover_enabled=\u00bb0&#8243;][\/et_pb_image][\/et_pb_column][et_pb_column type=\u00bb1_3&#8243; _builder_version=\u00bb4.0.2&#8243;][et_pb_text _builder_version=\u00bb4.0.2&#8243; hover_enabled=\u00bb0&#8243;]<\/p>\n<h1 class=\"entry-title\">\u00bfPor qu\u00e9 debemos planificar la comunicaci\u00f3n?<\/h1>\n<p style=\"text-align: justify;\">La comunicaci\u00f3n y su correcta planificaci\u00f3n se convierten en un elemento clave y estrat\u00e9gico para el \u00e9xito de las empresas y organizaciones, \u00e9stas son un ser vivo, ya que tienen actuaciones y por ende, comunican&#8230;<\/p>\n<p>[\/et_pb_text][et_pb_button button_text=\u00bbLeer m\u00e1s\u00bb _builder_version=\u00bb4.0.2&#8243; button_alignment=\u00bbright\u00bb custom_button=\u00bbon\u00bb button_bg_color=\u00bb#2b9f9a\u00bb button_bg_enable_color=\u00bbon\u00bb button_text_color=\u00bb#ffffff\u00bb button_url=\u00bb@ET-DC@eyJkeW5hbWljIjp0cnVlLCJjb250ZW50IjoicG9zdF9saW5rX3VybF9wb3N0Iiwic2V0dGluZ3MiOnsicG9zdF9pZCI6Ijc5NiJ9fQ==@\u00bb _dynamic_attributes=\u00bbbutton_url\u00bb hover_enabled=\u00bb0&#8243;][\/et_pb_button][\/et_pb_column][et_pb_column type=\u00bb1_3&#8243; _builder_version=\u00bb4.0.2&#8243;][et_pb_text _builder_version=\u00bb4.0.2&#8243; hover_enabled=\u00bb0&#8243; custom_padding=\u00bb|||46px||\u00bb]<\/p>\n<h1>Categor\u00edas<\/h1>\n<table style=\"background-color: #1c1c1c; width: 200px; align: center;\">\n<tbody>\n<tr>\n<td>\n<ul>\n<li style=\"color: #ffffff; margin: 10px;\"><span style=\"color: #ffffff;\"><a href=\"https:\/\/agacorporativa.com\/gt\/articulos\/\" style=\"color: #ffffff;\">Art\u00edculos<\/a><\/span><\/li>\n<\/ul>\n<\/td>\n<\/tr>\n<tr><\/tr>\n<tr>\n<td>\n<ul>\n<li style=\"color: #ffffff; margin: 10px;\"><span style=\"color: #ffffff;\"><a href=\"#\" style=\"color: #ffffff;\">Prensa<\/a><\/span><\/li>\n<\/ul>\n<\/td>\n<\/tr>\n<tr>\n<td>\n<ul>\n<li style=\"color: #ffffff; margin: 10px;\"><span style=\"color: #ffffff;\"><a href=\"https:\/\/agacorporativa.com\/gt\/videos\/\" style=\"color: #ffffff;\">Videos<\/a><\/span><\/li>\n<\/ul>\n<\/td>\n<\/tr>\n<tr>\n<td>\n<ul>\n<li style=\"color: #ffffff; margin: 10px;\"><span style=\"color: #ffffff;\"><a href=\"#\" style=\"color: #ffffff;\">Eventos<\/a><\/span><\/li>\n<\/ul>\n<\/td>\n<\/tr>\n<\/tbody>\n<\/table>\n<p>&nbsp;<\/p>\n<p>[\/et_pb_text][\/et_pb_column][\/et_pb_row][et_pb_row column_structure=\u00bb1_3,1_3,1_3&#8243; _builder_version=\u00bb4.0.2&#8243;][et_pb_column type=\u00bb1_3&#8243; _builder_version=\u00bb4.0.2&#8243;][et_pb_image src=\u00bbhttp:\/\/agacorporativa.com\/gt\/wp-content\/uploads\/2020\/09\/nuevos-rretos.jpg\u00bb _builder_version=\u00bb4.0.2&#8243; hover_enabled=\u00bb0&#8243;][\/et_pb_image][\/et_pb_column][et_pb_column type=\u00bb1_3&#8243; _builder_version=\u00bb4.0.2&#8243;][et_pb_text _builder_version=\u00bb4.0.2&#8243; hover_enabled=\u00bb0&#8243;]<\/p>\n<h1 class=\"entry-title\">Comunicaci\u00f3n estrat\u00e9gica. Nuevos retos<\/h1>\n<p style=\"text-align: justify;\">Desde un enfoque sist\u00e9mico, la comunicaci\u00f3n estrat\u00e9gica constituye un campo multidisciplinario que responde y se adapta a las tendencias sociales cada vez m\u00e1s vers\u00e1tiles y tecnificadas&#8230;<\/p>\n<p>[\/et_pb_text][et_pb_button button_text=\u00bbLeer m\u00e1s\u00bb _builder_version=\u00bb4.0.2&#8243; button_alignment=\u00bbright\u00bb custom_button=\u00bbon\u00bb button_bg_color=\u00bb#2b9f9a\u00bb button_bg_enable_color=\u00bbon\u00bb button_text_color=\u00bb#ffffff\u00bb button_url=\u00bb@ET-DC@eyJkeW5hbWljIjp0cnVlLCJjb250ZW50IjoicG9zdF9saW5rX3VybF9wb3N0Iiwic2V0dGluZ3MiOnsicG9zdF9pZCI6IjgyNyJ9fQ==@\u00bb _dynamic_attributes=\u00bbbutton_url\u00bb hover_enabled=\u00bb0&#8243;][\/et_pb_button][\/et_pb_column][et_pb_column type=\u00bb1_3&#8243; _builder_version=\u00bb4.0.2&#8243;][\/et_pb_column][\/et_pb_row][et_pb_row column_structure=\u00bb1_3,1_3,1_3&#8243; _builder_version=\u00bb4.0.2&#8243;][et_pb_column type=\u00bb1_3&#8243; _builder_version=\u00bb4.0.2&#8243;][et_pb_image src=\u00bbhttp:\/\/agacorporativa.com\/gt\/wp-content\/uploads\/2020\/09\/lameta-inicioa.png\u00bb _builder_version=\u00bb4.0.2&#8243; hover_enabled=\u00bb0&#8243;][\/et_pb_image][\/et_pb_column][et_pb_column type=\u00bb1_3&#8243; _builder_version=\u00bb4.0.2&#8243;][et_pb_text _builder_version=\u00bb4.0.2&#8243; hover_enabled=\u00bb0&#8243;]<\/p>\n<h1 class=\"entry-title\">5 estrategias efectivas para iniciar el a\u00f1o<\/h1>\n<p style=\"text-align: justify;\">A principio de cada a\u00f1o nos proponemos cosas que por unos motivos u otros luego nunca cumplimos. Estos consejos te ayudar\u00e1n a convertir tus prop\u00f3sitos en acciones concretas&#8230;<\/p>\n<p>[\/et_pb_text][et_pb_button button_text=\u00bbLeer m\u00e1s\u00bb _builder_version=\u00bb4.0.2&#8243; button_alignment=\u00bbright\u00bb custom_button=\u00bbon\u00bb button_bg_color=\u00bb#2b9f9a\u00bb button_bg_enable_color=\u00bbon\u00bb button_text_color=\u00bb#ffffff\u00bb button_url=\u00bb@ET-DC@eyJkeW5hbWljIjp0cnVlLCJjb250ZW50IjoicG9zdF9saW5rX3VybF9wb3N0Iiwic2V0dGluZ3MiOnsicG9zdF9pZCI6IjgyNSJ9fQ==@\u00bb _dynamic_attributes=\u00bbbutton_url\u00bb hover_enabled=\u00bb0&#8243;][\/et_pb_button][\/et_pb_column][et_pb_column type=\u00bb1_3&#8243; _builder_version=\u00bb4.0.2&#8243;][\/et_pb_column][\/et_pb_row][\/et_pb_section]<\/p>\n","protected":false},"excerpt":{"rendered":"<p>[et_pb_section fb_built=\u00bb1&#8243; fullwidth=\u00bbon\u00bb _builder_version=\u00bb4.0.2&#8243; da_disable_devices=\u00bboff|off|off\u00bb da_is_popup=\u00bboff\u00bb da_exit_intent=\u00bboff\u00bb da_has_close=\u00bbon\u00bb da_alt_close=\u00bboff\u00bb da_dark_close=\u00bboff\u00bb da_not_modal=\u00bbon\u00bb da_is_singular=\u00bboff\u00bb da_with_loader=\u00bboff\u00bb da_has_shadow=\u00bbon\u00bb][et_pb_fullwidth_header text_orientation=\u00bbcenter\u00bb background_overlay_color=\u00bb#848389&#8243; _builder_version=\u00bb4.0.2&#8243; title_font=\u00bb|||on|||||\u00bb title_font_size=\u00bb36px\u00bb title_letter_spacing=\u00bb7px\u00bb background_color=\u00bb#ffffff\u00bb background_enable_image=\u00bboff\u00bb max_width=\u00bb100%\u00bb height=\u00bb128px\u00bb custom_padding=\u00bb12px||||false|false\u00bb] VER [\/et_pb_fullwidth_header][\/et_pb_section][et_pb_section fb_built=\u00bb1&#8243; _builder_version=\u00bb4.0.2&#8243; da_disable_devices=\u00bboff|off|off\u00bb da_is_popup=\u00bboff\u00bb da_exit_intent=\u00bboff\u00bb da_has_close=\u00bbon\u00bb da_alt_close=\u00bboff\u00bb da_dark_close=\u00bboff\u00bb da_not_modal=\u00bbon\u00bb da_is_singular=\u00bboff\u00bb da_with_loader=\u00bboff\u00bb da_has_shadow=\u00bbon\u00bb][et_pb_row column_structure=\u00bb1_3,1_3,1_3&#8243; _builder_version=\u00bb4.0.2&#8243;][et_pb_column type=\u00bb1_3&#8243; _builder_version=\u00bb4.0.2&#8243;][et_pb_image src=\u00bbhttp:\/\/agacorporativa.com\/gt\/wp-content\/uploads\/2020\/09\/planificacion-comunicacion.jpg\u00bb _builder_version=\u00bb4.0.2&#8243; hover_enabled=\u00bb0&#8243;][\/et_pb_image][\/et_pb_column][et_pb_column type=\u00bb1_3&#8243; _builder_version=\u00bb4.0.2&#8243;][et_pb_text _builder_version=\u00bb4.0.2&#8243; hover_enabled=\u00bb0&#8243;] \u00bfPor qu\u00e9 debemos planificar la [&hellip;]<\/p>\n","protected":false},"author":2,"featured_media":0,"parent":0,"menu_order":0,"comment_status":"closed","ping_status":"closed","template":"","meta":{"_et_pb_use_builder":"on","_et_pb_old_content":""},"yoast_head":"<!-- This site is optimized with the Yoast SEO plugin v18.8 - https:\/\/yoast.com\/wordpress\/plugins\/seo\/ -->\n<title>Ver - AGA &amp; Asociados | Guatemala<\/title>\n<meta name=\"robots\" content=\"index, follow, max-snippet:-1, max-image-preview:large, max-video-preview:-1\" \/>\n<link rel=\"canonical\" href=\"http:\/\/agacorporativa.com\/gt\/ver\/\" \/>\n<meta property=\"og:locale\" content=\"es_ES\" \/>\n<meta property=\"og:type\" content=\"article\" \/>\n<meta property=\"og:title\" content=\"Ver - AGA &amp; Asociados | Guatemala\" \/>\n<meta property=\"og:description\" content=\"[et_pb_section fb_built=\u00bb1&#8243; fullwidth=\u00bbon\u00bb _builder_version=\u00bb4.0.2&#8243; da_disable_devices=\u00bboff|off|off\u00bb da_is_popup=\u00bboff\u00bb da_exit_intent=\u00bboff\u00bb da_has_close=\u00bbon\u00bb da_alt_close=\u00bboff\u00bb da_dark_close=\u00bboff\u00bb da_not_modal=\u00bbon\u00bb da_is_singular=\u00bboff\u00bb da_with_loader=\u00bboff\u00bb da_has_shadow=\u00bbon\u00bb][et_pb_fullwidth_header text_orientation=\u00bbcenter\u00bb background_overlay_color=\u00bb#848389&#8243; _builder_version=\u00bb4.0.2&#8243; title_font=\u00bb|||on|||||\u00bb title_font_size=\u00bb36px\u00bb title_letter_spacing=\u00bb7px\u00bb background_color=\u00bb#ffffff\u00bb background_enable_image=\u00bboff\u00bb max_width=\u00bb100%\u00bb height=\u00bb128px\u00bb custom_padding=\u00bb12px||||false|false\u00bb] VER [\/et_pb_fullwidth_header][\/et_pb_section][et_pb_section fb_built=\u00bb1&#8243; _builder_version=\u00bb4.0.2&#8243; da_disable_devices=\u00bboff|off|off\u00bb da_is_popup=\u00bboff\u00bb da_exit_intent=\u00bboff\u00bb da_has_close=\u00bbon\u00bb da_alt_close=\u00bboff\u00bb da_dark_close=\u00bboff\u00bb da_not_modal=\u00bbon\u00bb da_is_singular=\u00bboff\u00bb da_with_loader=\u00bboff\u00bb da_has_shadow=\u00bbon\u00bb][et_pb_row column_structure=\u00bb1_3,1_3,1_3&#8243; _builder_version=\u00bb4.0.2&#8243;][et_pb_column type=\u00bb1_3&#8243; _builder_version=\u00bb4.0.2&#8243;][et_pb_image src=\u00bbhttp:\/\/agacorporativa.com\/gt\/wp-content\/uploads\/2020\/09\/planificacion-comunicacion.jpg\u00bb _builder_version=\u00bb4.0.2&#8243; hover_enabled=\u00bb0&#8243;][\/et_pb_image][\/et_pb_column][et_pb_column type=\u00bb1_3&#8243; _builder_version=\u00bb4.0.2&#8243;][et_pb_text _builder_version=\u00bb4.0.2&#8243; hover_enabled=\u00bb0&#8243;] \u00bfPor qu\u00e9 debemos planificar la [&hellip;]\" \/>\n<meta property=\"og:url\" content=\"http:\/\/agacorporativa.com\/gt\/ver\/\" \/>\n<meta property=\"og:site_name\" content=\"AGA &amp; Asociados | Guatemala\" \/>\n<meta property=\"article:modified_time\" content=\"2020-09-11T22:15:19+00:00\" \/>\n<meta name=\"twitter:card\" content=\"summary_large_image\" \/>\n<meta name=\"twitter:label1\" content=\"Tiempo de lectura\" \/>\n\t<meta name=\"twitter:data1\" content=\"3 minutos\" \/>\n<script type=\"application\/ld+json\" class=\"yoast-schema-graph\">{\"@context\":\"https:\/\/schema.org\",\"@graph\":[{\"@type\":\"WebSite\",\"@id\":\"https:\/\/agacorporativa.com\/gt\/#website\",\"url\":\"https:\/\/agacorporativa.com\/gt\/\",\"name\":\"AGA &amp; Asociados | Guatemala\",\"description\":\"Consultor\u00eda y Comunicaci\u00f3n\",\"potentialAction\":[{\"@type\":\"SearchAction\",\"target\":{\"@type\":\"EntryPoint\",\"urlTemplate\":\"https:\/\/agacorporativa.com\/gt\/?s={search_term_string}\"},\"query-input\":\"required name=search_term_string\"}],\"inLanguage\":\"es\"},{\"@type\":\"WebPage\",\"@id\":\"http:\/\/agacorporativa.com\/gt\/ver\/#webpage\",\"url\":\"http:\/\/agacorporativa.com\/gt\/ver\/\",\"name\":\"Ver - AGA &amp; Asociados | Guatemala\",\"isPartOf\":{\"@id\":\"https:\/\/agacorporativa.com\/gt\/#website\"},\"datePublished\":\"2020-09-11T21:50:24+00:00\",\"dateModified\":\"2020-09-11T22:15:19+00:00\",\"breadcrumb\":{\"@id\":\"http:\/\/agacorporativa.com\/gt\/ver\/#breadcrumb\"},\"inLanguage\":\"es\",\"potentialAction\":[{\"@type\":\"ReadAction\",\"target\":[\"http:\/\/agacorporativa.com\/gt\/ver\/\"]}]},{\"@type\":\"BreadcrumbList\",\"@id\":\"http:\/\/agacorporativa.com\/gt\/ver\/#breadcrumb\",\"itemListElement\":[{\"@type\":\"ListItem\",\"position\":1,\"name\":\"Portada\",\"item\":\"https:\/\/agacorporativa.com\/gt\/\"},{\"@type\":\"ListItem\",\"position\":2,\"name\":\"Ver\"}]}]}<\/script>\n<!-- \/ Yoast SEO plugin. -->","yoast_head_json":{"title":"Ver - AGA &amp; Asociados | Guatemala","robots":{"index":"index","follow":"follow","max-snippet":"max-snippet:-1","max-image-preview":"max-image-preview:large","max-video-preview":"max-video-preview:-1"},"canonical":"http:\/\/agacorporativa.com\/gt\/ver\/","og_locale":"es_ES","og_type":"article","og_title":"Ver - AGA &amp; Asociados | Guatemala","og_description":"[et_pb_section fb_built=\u00bb1&#8243; fullwidth=\u00bbon\u00bb _builder_version=\u00bb4.0.2&#8243; da_disable_devices=\u00bboff|off|off\u00bb da_is_popup=\u00bboff\u00bb da_exit_intent=\u00bboff\u00bb da_has_close=\u00bbon\u00bb da_alt_close=\u00bboff\u00bb da_dark_close=\u00bboff\u00bb da_not_modal=\u00bbon\u00bb da_is_singular=\u00bboff\u00bb da_with_loader=\u00bboff\u00bb da_has_shadow=\u00bbon\u00bb][et_pb_fullwidth_header text_orientation=\u00bbcenter\u00bb background_overlay_color=\u00bb#848389&#8243; _builder_version=\u00bb4.0.2&#8243; title_font=\u00bb|||on|||||\u00bb title_font_size=\u00bb36px\u00bb title_letter_spacing=\u00bb7px\u00bb background_color=\u00bb#ffffff\u00bb background_enable_image=\u00bboff\u00bb max_width=\u00bb100%\u00bb height=\u00bb128px\u00bb custom_padding=\u00bb12px||||false|false\u00bb] VER [\/et_pb_fullwidth_header][\/et_pb_section][et_pb_section fb_built=\u00bb1&#8243; _builder_version=\u00bb4.0.2&#8243; da_disable_devices=\u00bboff|off|off\u00bb da_is_popup=\u00bboff\u00bb da_exit_intent=\u00bboff\u00bb da_has_close=\u00bbon\u00bb da_alt_close=\u00bboff\u00bb da_dark_close=\u00bboff\u00bb da_not_modal=\u00bbon\u00bb da_is_singular=\u00bboff\u00bb da_with_loader=\u00bboff\u00bb da_has_shadow=\u00bbon\u00bb][et_pb_row column_structure=\u00bb1_3,1_3,1_3&#8243; _builder_version=\u00bb4.0.2&#8243;][et_pb_column type=\u00bb1_3&#8243; _builder_version=\u00bb4.0.2&#8243;][et_pb_image src=\u00bbhttp:\/\/agacorporativa.com\/gt\/wp-content\/uploads\/2020\/09\/planificacion-comunicacion.jpg\u00bb _builder_version=\u00bb4.0.2&#8243; hover_enabled=\u00bb0&#8243;][\/et_pb_image][\/et_pb_column][et_pb_column type=\u00bb1_3&#8243; _builder_version=\u00bb4.0.2&#8243;][et_pb_text _builder_version=\u00bb4.0.2&#8243; hover_enabled=\u00bb0&#8243;] \u00bfPor qu\u00e9 debemos planificar la [&hellip;]","og_url":"http:\/\/agacorporativa.com\/gt\/ver\/","og_site_name":"AGA &amp; Asociados | Guatemala","article_modified_time":"2020-09-11T22:15:19+00:00","twitter_card":"summary_large_image","twitter_misc":{"Tiempo de lectura":"3 minutos"},"schema":{"@context":"https:\/\/schema.org","@graph":[{"@type":"WebSite","@id":"https:\/\/agacorporativa.com\/gt\/#website","url":"https:\/\/agacorporativa.com\/gt\/","name":"AGA &amp; Asociados | Guatemala","description":"Consultor\u00eda y Comunicaci\u00f3n","potentialAction":[{"@type":"SearchAction","target":{"@type":"EntryPoint","urlTemplate":"https:\/\/agacorporativa.com\/gt\/?s={search_term_string}"},"query-input":"required name=search_term_string"}],"inLanguage":"es"},{"@type":"WebPage","@id":"http:\/\/agacorporativa.com\/gt\/ver\/#webpage","url":"http:\/\/agacorporativa.com\/gt\/ver\/","name":"Ver - AGA &amp; Asociados | Guatemala","isPartOf":{"@id":"https:\/\/agacorporativa.com\/gt\/#website"},"datePublished":"2020-09-11T21:50:24+00:00","dateModified":"2020-09-11T22:15:19+00:00","breadcrumb":{"@id":"http:\/\/agacorporativa.com\/gt\/ver\/#breadcrumb"},"inLanguage":"es","potentialAction":[{"@type":"ReadAction","target":["http:\/\/agacorporativa.com\/gt\/ver\/"]}]},{"@type":"BreadcrumbList","@id":"http:\/\/agacorporativa.com\/gt\/ver\/#breadcrumb","itemListElement":[{"@type":"ListItem","position":1,"name":"Portada","item":"https:\/\/agacorporativa.com\/gt\/"},{"@type":"ListItem","position":2,"name":"Ver"}]}]}},"_links":{"self":[{"href":"http:\/\/agacorporativa.com\/gt\/wp-json\/wp\/v2\/pages\/837"}],"collection":[{"href":"http:\/\/agacorporativa.com\/gt\/wp-json\/wp\/v2\/pages"}],"about":[{"href":"http:\/\/agacorporativa.com\/gt\/wp-json\/wp\/v2\/types\/page"}],"author":[{"embeddable":true,"href":"http:\/\/agacorporativa.com\/gt\/wp-json\/wp\/v2\/users\/2"}],"replies":[{"embeddable":true,"href":"http:\/\/agacorporativa.com\/gt\/wp-json\/wp\/v2\/comments?post=837"}],"version-history":[{"count":7,"href":"http:\/\/agacorporativa.com\/gt\/wp-json\/wp\/v2\/pages\/837\/revisions"}],"predecessor-version":[{"id":853,"href":"http:\/\/agacorporativa.com\/gt\/wp-json\/wp\/v2\/pages\/837\/revisions\/853"}],"wp:attachment":[{"href":"http:\/\/agacorporativa.com\/gt\/wp-json\/wp\/v2\/media?parent=837"}],"curies":[{"name":"wp","href":"https:\/\/api.w.org\/{rel}","templated":true}]}}