{"id":283,"date":"2020-08-24T03:54:41","date_gmt":"2020-08-24T03:54:41","guid":{"rendered":"http:\/\/agacorporativa.com\/gt\/?page_id=283"},"modified":"2020-09-01T20:52:04","modified_gmt":"2020-09-01T20:52:04","slug":"servicios","status":"publish","type":"page","link":"http:\/\/agacorporativa.com\/gt\/servicios\/","title":{"rendered":"Servicios"},"content":{"rendered":"<p>[et_pb_section fb_built=\u00bb1&#8243; fullwidth=\u00bbon\u00bb _builder_version=\u00bb4.0.2&#8243; da_disable_devices=\u00bboff|off|off\u00bb da_is_popup=\u00bboff\u00bb da_exit_intent=\u00bboff\u00bb da_has_close=\u00bbon\u00bb da_alt_close=\u00bboff\u00bb da_dark_close=\u00bboff\u00bb da_not_modal=\u00bbon\u00bb da_is_singular=\u00bboff\u00bb da_with_loader=\u00bboff\u00bb da_has_shadow=\u00bbon\u00bb][et_pb_fullwidth_header text_orientation=\u00bbcenter\u00bb background_overlay_color=\u00bb#848389&#8243; _builder_version=\u00bb4.0.2&#8243; title_font=\u00bb|||on|||||\u00bb title_font_size=\u00bb36px\u00bb title_letter_spacing=\u00bb7px\u00bb background_color=\u00bb#ffffff\u00bb background_enable_image=\u00bboff\u00bb max_width=\u00bb100%\u00bb height=\u00bb128px\u00bb custom_padding=\u00bb12px||||false|false\u00bb]<\/p>\n<h1>SERVICIOS<\/h1>\n<p>[\/et_pb_fullwidth_header][\/et_pb_section][et_pb_section fb_built=\u00bb1&#8243; _builder_version=\u00bb4.0.2&#8243; da_disable_devices=\u00bboff|off|off\u00bb da_is_popup=\u00bboff\u00bb da_exit_intent=\u00bboff\u00bb da_has_close=\u00bbon\u00bb da_alt_close=\u00bboff\u00bb da_dark_close=\u00bboff\u00bb da_not_modal=\u00bbon\u00bb da_is_singular=\u00bboff\u00bb da_with_loader=\u00bboff\u00bb da_has_shadow=\u00bbon\u00bb][et_pb_row column_structure=\u00bb1_2,1_2&#8243; _builder_version=\u00bb4.0.2&#8243;][et_pb_column type=\u00bb1_2&#8243; _builder_version=\u00bb4.0.2&#8243;][et_pb_image src=\u00bbhttp:\/\/agacorporativa.com\/gt\/wp-content\/uploads\/2020\/08\/investigacion.png\u00bb _builder_version=\u00bb4.0.2&#8243; animation_style=\u00bbslide\u00bb animation_direction=\u00bbright\u00bb][\/et_pb_image][\/et_pb_column][et_pb_column type=\u00bb1_2&#8243; _builder_version=\u00bb4.0.2&#8243;][et_pb_text _builder_version=\u00bb4.0.2&#8243; animation_style=\u00bbslide\u00bb animation_direction=\u00bbleft\u00bb]<\/p>\n<h1><span style=\"color: #2ba19b;\">Investigaci\u00f3n<br \/> <\/span><\/h1>\n<p><span style=\"color: #2ba19b;\"><\/span><\/p>\n<p style=\"text-align: justify;\">Desarrollamos todo tipo de estudios e investigaciones aplicadas al campo de la comunicaci\u00f3n y el desarrollo, como sondeos, estudios de percepci\u00f3n, levantamiento l\u00edneas base, validaci\u00f3n de materiales de comunicaci\u00f3n, evaluaci\u00f3n de proyectos con establecimiento de indicadores y sistemas de monitoreo.<\/p>\n<p>[\/et_pb_text][\/et_pb_column][\/et_pb_row][et_pb_row column_structure=\u00bb1_2,1_2&#8243; _builder_version=\u00bb4.0.2&#8243;][et_pb_column type=\u00bb1_2&#8243; _builder_version=\u00bb4.0.2&#8243;][et_pb_divider show_divider=\u00bboff\u00bb _builder_version=\u00bb4.0.2&#8243; width=\u00bb100%\u00bb height=\u00bb56px\u00bb custom_padding=\u00bb||0px|||\u00bb][\/et_pb_divider][et_pb_image src=\u00bbhttp:\/\/agacorporativa.com\/gt\/wp-content\/uploads\/2020\/08\/estrate-comun.jpg\u00bb _builder_version=\u00bb4.0.2&#8243; animation_style=\u00bbslide\u00bb animation_direction=\u00bbleft\u00bb][\/et_pb_image][\/et_pb_column][et_pb_column type=\u00bb1_2&#8243; _builder_version=\u00bb4.0.2&#8243;][et_pb_divider show_divider=\u00bboff\u00bb _builder_version=\u00bb4.0.2&#8243; width=\u00bb100%\u00bb height=\u00bb56px\u00bb custom_padding=\u00bb||0px|||\u00bb][\/et_pb_divider][et_pb_text _builder_version=\u00bb4.0.2&#8243; animation_style=\u00bbslide\u00bb animation_direction=\u00bbright\u00bb]<\/p>\n<h1><span style=\"color: #2ba19b;\">Estrategias Integradas de Comunicaci\u00f3n<br \/> <\/span><\/h1>\n<p><span style=\"color: #2ba19b;\"><\/span><\/p>\n<p style=\"text-align: justify;\">Dise\u00f1amos e implementamos estrategias, programas y planes de comunicaci\u00f3n y visibilidad en temas de medio ambiente, microempresa, educaci\u00f3n, desarrollo local, salud, incidencia en pol\u00edticas p\u00fablicas, legislaci\u00f3n, seguridad alimentaria, seguridad fronteriza, migraci\u00f3n irregular, integraci\u00f3n regional, entre otros. Adem\u00e1s, brindamos acompa\u00f1amiento y asesor\u00eda en planes de gesti\u00f3n de crisis.<\/p>\n<p>[\/et_pb_text][\/et_pb_column][\/et_pb_row][et_pb_row column_structure=\u00bb1_2,1_2&#8243; _builder_version=\u00bb4.0.2&#8243;][et_pb_column type=\u00bb1_2&#8243; _builder_version=\u00bb4.0.2&#8243;][et_pb_divider show_divider=\u00bboff\u00bb _builder_version=\u00bb4.0.2&#8243; width=\u00bb100%\u00bb height=\u00bb56px\u00bb custom_padding=\u00bb||0px|||\u00bb][\/et_pb_divider][et_pb_image src=\u00bbhttp:\/\/agacorporativa.com\/gt\/wp-content\/uploads\/2020\/08\/estrategia-digital.jpg\u00bb _builder_version=\u00bb4.0.2&#8243; animation_style=\u00bbslide\u00bb animation_direction=\u00bbright\u00bb][\/et_pb_image][\/et_pb_column][et_pb_column type=\u00bb1_2&#8243; _builder_version=\u00bb4.0.2&#8243;][et_pb_divider show_divider=\u00bboff\u00bb _builder_version=\u00bb4.0.2&#8243; width=\u00bb100%\u00bb height=\u00bb56px\u00bb custom_padding=\u00bb||0px|||\u00bb][\/et_pb_divider][et_pb_text _builder_version=\u00bb4.0.2&#8243; animation_style=\u00bbslide\u00bb animation_direction=\u00bbleft\u00bb]<\/p>\n<h1><span style=\"color: #2ba19b;\">Estrategias Digitales<br \/> <\/span><\/h1>\n<p><span style=\"color: #2ba19b;\"><\/span><\/p>\n<p style=\"text-align: justify;\">Creamos estrategias digitales que permitan visibilizar a las marcas a trav\u00e9s de la creaci\u00f3n, implementaci\u00f3n y mantenimiento de contenido en las diferentes herramientas digitales para el cumplimiento de los objetivos comerciales o institucionales de las marcas.<\/p>\n<p>[\/et_pb_text][\/et_pb_column][\/et_pb_row][et_pb_row column_structure=\u00bb1_2,1_2&#8243; _builder_version=\u00bb4.0.2&#8243;][et_pb_column type=\u00bb1_2&#8243; _builder_version=\u00bb4.0.2&#8243;][et_pb_divider show_divider=\u00bboff\u00bb _builder_version=\u00bb4.0.2&#8243; width=\u00bb100%\u00bb height=\u00bb56px\u00bb custom_padding=\u00bb||0px|||\u00bb][\/et_pb_divider][et_pb_image src=\u00bbhttp:\/\/agacorporativa.com\/gt\/wp-content\/uploads\/2020\/08\/branding.jpg\u00bb _builder_version=\u00bb4.0.2&#8243; animation_style=\u00bbslide\u00bb animation_direction=\u00bbleft\u00bb][\/et_pb_image][\/et_pb_column][et_pb_column type=\u00bb1_2&#8243; _builder_version=\u00bb4.0.2&#8243;][et_pb_divider show_divider=\u00bboff\u00bb _builder_version=\u00bb4.0.2&#8243; width=\u00bb100%\u00bb height=\u00bb56px\u00bb custom_padding=\u00bb||0px|||\u00bb][\/et_pb_divider][et_pb_text _builder_version=\u00bb4.0.2&#8243; animation_style=\u00bbslide\u00bb animation_direction=\u00bbright\u00bb]<\/p>\n<h1><span style=\"color: #2ba19b;\">Branding<br \/> <\/span><\/h1>\n<p><span style=\"color: #2ba19b;\"><\/span><\/p>\n<p style=\"text-align: justify;\">Construimos marcas corporativas e identidad gr\u00e1fica bajo una gesti\u00f3n estrat\u00e9gica y creativa que les permita posicionar sus elementos diferenciadores para brindar una experiencia de marca distintiva, innovadora, y sostenible en el tiempo.<\/p>\n<p>[\/et_pb_text][\/et_pb_column][\/et_pb_row][et_pb_row column_structure=\u00bb1_2,1_2&#8243; _builder_version=\u00bb4.0.2&#8243;][et_pb_column type=\u00bb1_2&#8243; _builder_version=\u00bb4.0.2&#8243;][et_pb_divider show_divider=\u00bboff\u00bb _builder_version=\u00bb4.0.2&#8243; width=\u00bb100%\u00bb height=\u00bb56px\u00bb custom_padding=\u00bb||0px|||\u00bb][\/et_pb_divider][et_pb_image src=\u00bbhttp:\/\/agacorporativa.com\/gt\/wp-content\/uploads\/2020\/09\/relaciones-publicas.jpg\u00bb _builder_version=\u00bb4.0.2&#8243; animation_style=\u00bbslide\u00bb animation_direction=\u00bbright\u00bb hover_enabled=\u00bb0&#8243;][\/et_pb_image][\/et_pb_column][et_pb_column type=\u00bb1_2&#8243; _builder_version=\u00bb4.0.2&#8243;][et_pb_divider show_divider=\u00bboff\u00bb _builder_version=\u00bb4.0.2&#8243; width=\u00bb100%\u00bb height=\u00bb56px\u00bb custom_padding=\u00bb||0px|||\u00bb][\/et_pb_divider][et_pb_text _builder_version=\u00bb4.0.2&#8243; animation_style=\u00bbslide\u00bb animation_direction=\u00bbleft\u00bb]<\/p>\n<h1><span style=\"color: #2ba19b;\">Relaciones P\u00fablicas<br \/> <\/span><\/h1>\n<p style=\"text-align: justify;\"><span style=\"color: #2ba19b;\"><\/span><\/p>\n<p style=\"text-align: justify;\">Asesoramos y acompa\u00f1amos el relacionamiento efectivo con sus diferentes p\u00fablicos, el proceso de establecimiento de alianzas y manejo de patrocinios, as\u00ed como la organizaci\u00f3n y desarrollo de eventos corporativos presenciales y en plataformas digitales (aniversarios, conferencias, lanzamientos, gesti\u00f3n de marcas, talleres, entre otros).<\/p>\n<p>[\/et_pb_text][\/et_pb_column][\/et_pb_row][et_pb_row column_structure=\u00bb1_2,1_2&#8243; _builder_version=\u00bb4.0.2&#8243;][et_pb_column type=\u00bb1_2&#8243; _builder_version=\u00bb4.0.2&#8243;][et_pb_divider show_divider=\u00bboff\u00bb _builder_version=\u00bb4.0.2&#8243; width=\u00bb100%\u00bb height=\u00bb56px\u00bb custom_padding=\u00bb||0px|||\u00bb][\/et_pb_divider][et_pb_image src=\u00bbhttp:\/\/agacorporativa.com\/gt\/wp-content\/uploads\/2020\/08\/desarrollo.png\u00bb _builder_version=\u00bb4.0.2&#8243; animation_style=\u00bbslide\u00bb animation_direction=\u00bbleft\u00bb][\/et_pb_image][\/et_pb_column][et_pb_column type=\u00bb1_2&#8243; _builder_version=\u00bb4.0.2&#8243;][et_pb_divider show_divider=\u00bboff\u00bb _builder_version=\u00bb4.0.2&#8243; width=\u00bb100%\u00bb height=\u00bb56px\u00bb custom_padding=\u00bb||0px|||\u00bb][\/et_pb_divider][et_pb_text _builder_version=\u00bb4.0.2&#8243; animation_style=\u00bbslide\u00bb animation_direction=\u00bbright\u00bb]<\/p>\n<h1><span style=\"color: #2ba19b;\">Desarrollo de Habilidades Comunicacionales<br \/> <\/span><\/h1>\n<p style=\"text-align: justify;\">Ofrecemos capacitaciones, cursos y talleres para el desarrollo de habilidades comunicacionales, desempe\u00f1o ante la prensa (media training), redacci\u00f3n de informes t\u00e9cnicos, vocer\u00eda, atenci\u00f3n efectiva al cliente, y m\u00e1s.<\/p>\n<p>[\/et_pb_text][\/et_pb_column][\/et_pb_row][et_pb_row column_structure=\u00bb1_2,1_2&#8243; _builder_version=\u00bb4.0.2&#8243;][et_pb_column type=\u00bb1_2&#8243; _builder_version=\u00bb4.0.2&#8243;][et_pb_divider show_divider=\u00bboff\u00bb _builder_version=\u00bb4.0.2&#8243; width=\u00bb100%\u00bb height=\u00bb56px\u00bb custom_padding=\u00bb||0px|||\u00bb][\/et_pb_divider][et_pb_image src=\u00bbhttp:\/\/agacorporativa.com\/gt\/wp-content\/uploads\/2020\/09\/produccion-de-materiales.jpg\u00bb _builder_version=\u00bb4.0.2&#8243; animation_style=\u00bbslide\u00bb animation_direction=\u00bbright\u00bb hover_enabled=\u00bb0&#8243;][\/et_pb_image][\/et_pb_column][et_pb_column type=\u00bb1_2&#8243; _builder_version=\u00bb4.0.2&#8243;][et_pb_divider show_divider=\u00bboff\u00bb _builder_version=\u00bb4.0.2&#8243; width=\u00bb100%\u00bb height=\u00bb56px\u00bb custom_padding=\u00bb||0px|||\u00bb][\/et_pb_divider][et_pb_text _builder_version=\u00bb4.0.2&#8243; animation_style=\u00bbslide\u00bb animation_direction=\u00bbleft\u00bb]<\/p>\n<h1><span style=\"color: #2ba19b;\">Elaboraci\u00f3n de Materiales T\u00e9cnicos y de Comunicaci\u00f3n<br \/> <\/span><\/h1>\n<p style=\"text-align: justify;\"><span style=\"color: #2ba19b;\"><\/span><\/p>\n<p style=\"text-align: justify;\">Conceptualizamos y desarrollamos campa\u00f1as de comunicaci\u00f3n 360 dentro de las cuales producimos materiales de comunicaci\u00f3n, productos audiovisuales, y otros recursos de comunicaci\u00f3n que la instituci\u00f3n requiera. Ofrecemos servicio de edici\u00f3n, diagramaci\u00f3n y dise\u00f1o de documentos corporativos, as\u00ed como preparaci\u00f3n de memorias de labores (desde su sistematizaci\u00f3n, estructuraci\u00f3n, hasta la impresi\u00f3n final).<\/p>\n<p>[\/et_pb_text][\/et_pb_column][\/et_pb_row][\/et_pb_section]<\/p>\n","protected":false},"excerpt":{"rendered":"<p>[et_pb_section fb_built=\u00bb1&#8243; fullwidth=\u00bbon\u00bb _builder_version=\u00bb4.0.2&#8243; da_disable_devices=\u00bboff|off|off\u00bb da_is_popup=\u00bboff\u00bb da_exit_intent=\u00bboff\u00bb da_has_close=\u00bbon\u00bb da_alt_close=\u00bboff\u00bb da_dark_close=\u00bboff\u00bb da_not_modal=\u00bbon\u00bb da_is_singular=\u00bboff\u00bb da_with_loader=\u00bboff\u00bb da_has_shadow=\u00bbon\u00bb][et_pb_fullwidth_header text_orientation=\u00bbcenter\u00bb background_overlay_color=\u00bb#848389&#8243; _builder_version=\u00bb4.0.2&#8243; title_font=\u00bb|||on|||||\u00bb title_font_size=\u00bb36px\u00bb title_letter_spacing=\u00bb7px\u00bb background_color=\u00bb#ffffff\u00bb background_enable_image=\u00bboff\u00bb max_width=\u00bb100%\u00bb height=\u00bb128px\u00bb custom_padding=\u00bb12px||||false|false\u00bb] SERVICIOS [\/et_pb_fullwidth_header][\/et_pb_section][et_pb_section fb_built=\u00bb1&#8243; _builder_version=\u00bb4.0.2&#8243; da_disable_devices=\u00bboff|off|off\u00bb da_is_popup=\u00bboff\u00bb da_exit_intent=\u00bboff\u00bb da_has_close=\u00bbon\u00bb da_alt_close=\u00bboff\u00bb da_dark_close=\u00bboff\u00bb da_not_modal=\u00bbon\u00bb da_is_singular=\u00bboff\u00bb da_with_loader=\u00bboff\u00bb da_has_shadow=\u00bbon\u00bb][et_pb_row column_structure=\u00bb1_2,1_2&#8243; _builder_version=\u00bb4.0.2&#8243;][et_pb_column type=\u00bb1_2&#8243; _builder_version=\u00bb4.0.2&#8243;][et_pb_image src=\u00bbhttp:\/\/agacorporativa.com\/gt\/wp-content\/uploads\/2020\/08\/investigacion.png\u00bb _builder_version=\u00bb4.0.2&#8243; animation_style=\u00bbslide\u00bb animation_direction=\u00bbright\u00bb][\/et_pb_image][\/et_pb_column][et_pb_column type=\u00bb1_2&#8243; _builder_version=\u00bb4.0.2&#8243;][et_pb_text _builder_version=\u00bb4.0.2&#8243; animation_style=\u00bbslide\u00bb animation_direction=\u00bbleft\u00bb] Investigaci\u00f3n Desarrollamos todo [&hellip;]<\/p>\n","protected":false},"author":2,"featured_media":0,"parent":0,"menu_order":0,"comment_status":"closed","ping_status":"closed","template":"","meta":{"_et_pb_use_builder":"on","_et_pb_old_content":""},"yoast_head":"<!-- This site is optimized with the Yoast SEO plugin v18.8 - https:\/\/yoast.com\/wordpress\/plugins\/seo\/ -->\n<title>Servicios - AGA &amp; Asociados | Guatemala<\/title>\n<meta name=\"robots\" content=\"index, follow, max-snippet:-1, max-image-preview:large, max-video-preview:-1\" \/>\n<link rel=\"canonical\" href=\"http:\/\/agacorporativa.com\/gt\/servicios\/\" \/>\n<meta property=\"og:locale\" content=\"es_ES\" \/>\n<meta property=\"og:type\" content=\"article\" \/>\n<meta property=\"og:title\" content=\"Servicios - AGA &amp; Asociados | Guatemala\" \/>\n<meta property=\"og:description\" content=\"[et_pb_section fb_built=\u00bb1&#8243; fullwidth=\u00bbon\u00bb _builder_version=\u00bb4.0.2&#8243; da_disable_devices=\u00bboff|off|off\u00bb da_is_popup=\u00bboff\u00bb da_exit_intent=\u00bboff\u00bb da_has_close=\u00bbon\u00bb da_alt_close=\u00bboff\u00bb da_dark_close=\u00bboff\u00bb da_not_modal=\u00bbon\u00bb da_is_singular=\u00bboff\u00bb da_with_loader=\u00bboff\u00bb da_has_shadow=\u00bbon\u00bb][et_pb_fullwidth_header text_orientation=\u00bbcenter\u00bb background_overlay_color=\u00bb#848389&#8243; _builder_version=\u00bb4.0.2&#8243; title_font=\u00bb|||on|||||\u00bb title_font_size=\u00bb36px\u00bb title_letter_spacing=\u00bb7px\u00bb background_color=\u00bb#ffffff\u00bb background_enable_image=\u00bboff\u00bb max_width=\u00bb100%\u00bb height=\u00bb128px\u00bb custom_padding=\u00bb12px||||false|false\u00bb] SERVICIOS [\/et_pb_fullwidth_header][\/et_pb_section][et_pb_section fb_built=\u00bb1&#8243; _builder_version=\u00bb4.0.2&#8243; da_disable_devices=\u00bboff|off|off\u00bb da_is_popup=\u00bboff\u00bb da_exit_intent=\u00bboff\u00bb da_has_close=\u00bbon\u00bb da_alt_close=\u00bboff\u00bb da_dark_close=\u00bboff\u00bb da_not_modal=\u00bbon\u00bb da_is_singular=\u00bboff\u00bb da_with_loader=\u00bboff\u00bb da_has_shadow=\u00bbon\u00bb][et_pb_row column_structure=\u00bb1_2,1_2&#8243; _builder_version=\u00bb4.0.2&#8243;][et_pb_column type=\u00bb1_2&#8243; _builder_version=\u00bb4.0.2&#8243;][et_pb_image src=\u00bbhttp:\/\/agacorporativa.com\/gt\/wp-content\/uploads\/2020\/08\/investigacion.png\u00bb _builder_version=\u00bb4.0.2&#8243; animation_style=\u00bbslide\u00bb animation_direction=\u00bbright\u00bb][\/et_pb_image][\/et_pb_column][et_pb_column type=\u00bb1_2&#8243; _builder_version=\u00bb4.0.2&#8243;][et_pb_text _builder_version=\u00bb4.0.2&#8243; animation_style=\u00bbslide\u00bb animation_direction=\u00bbleft\u00bb] Investigaci\u00f3n Desarrollamos todo [&hellip;]\" \/>\n<meta property=\"og:url\" content=\"http:\/\/agacorporativa.com\/gt\/servicios\/\" \/>\n<meta property=\"og:site_name\" content=\"AGA &amp; Asociados | Guatemala\" \/>\n<meta property=\"article:modified_time\" content=\"2020-09-01T20:52:04+00:00\" \/>\n<meta name=\"twitter:card\" content=\"summary_large_image\" \/>\n<meta name=\"twitter:label1\" content=\"Tiempo de lectura\" \/>\n\t<meta name=\"twitter:data1\" content=\"6 minutos\" \/>\n<script type=\"application\/ld+json\" class=\"yoast-schema-graph\">{\"@context\":\"https:\/\/schema.org\",\"@graph\":[{\"@type\":\"WebSite\",\"@id\":\"https:\/\/agacorporativa.com\/gt\/#website\",\"url\":\"https:\/\/agacorporativa.com\/gt\/\",\"name\":\"AGA &amp; Asociados | Guatemala\",\"description\":\"Consultor\u00eda y Comunicaci\u00f3n\",\"potentialAction\":[{\"@type\":\"SearchAction\",\"target\":{\"@type\":\"EntryPoint\",\"urlTemplate\":\"https:\/\/agacorporativa.com\/gt\/?s={search_term_string}\"},\"query-input\":\"required name=search_term_string\"}],\"inLanguage\":\"es\"},{\"@type\":\"WebPage\",\"@id\":\"http:\/\/agacorporativa.com\/gt\/servicios\/#webpage\",\"url\":\"http:\/\/agacorporativa.com\/gt\/servicios\/\",\"name\":\"Servicios - AGA &amp; Asociados | Guatemala\",\"isPartOf\":{\"@id\":\"https:\/\/agacorporativa.com\/gt\/#website\"},\"datePublished\":\"2020-08-24T03:54:41+00:00\",\"dateModified\":\"2020-09-01T20:52:04+00:00\",\"breadcrumb\":{\"@id\":\"http:\/\/agacorporativa.com\/gt\/servicios\/#breadcrumb\"},\"inLanguage\":\"es\",\"potentialAction\":[{\"@type\":\"ReadAction\",\"target\":[\"http:\/\/agacorporativa.com\/gt\/servicios\/\"]}]},{\"@type\":\"BreadcrumbList\",\"@id\":\"http:\/\/agacorporativa.com\/gt\/servicios\/#breadcrumb\",\"itemListElement\":[{\"@type\":\"ListItem\",\"position\":1,\"name\":\"Portada\",\"item\":\"https:\/\/agacorporativa.com\/gt\/\"},{\"@type\":\"ListItem\",\"position\":2,\"name\":\"Servicios\"}]}]}<\/script>\n<!-- \/ Yoast SEO plugin. -->","yoast_head_json":{"title":"Servicios - AGA &amp; Asociados | Guatemala","robots":{"index":"index","follow":"follow","max-snippet":"max-snippet:-1","max-image-preview":"max-image-preview:large","max-video-preview":"max-video-preview:-1"},"canonical":"http:\/\/agacorporativa.com\/gt\/servicios\/","og_locale":"es_ES","og_type":"article","og_title":"Servicios - AGA &amp; Asociados | Guatemala","og_description":"[et_pb_section fb_built=\u00bb1&#8243; fullwidth=\u00bbon\u00bb _builder_version=\u00bb4.0.2&#8243; da_disable_devices=\u00bboff|off|off\u00bb da_is_popup=\u00bboff\u00bb da_exit_intent=\u00bboff\u00bb da_has_close=\u00bbon\u00bb da_alt_close=\u00bboff\u00bb da_dark_close=\u00bboff\u00bb da_not_modal=\u00bbon\u00bb da_is_singular=\u00bboff\u00bb da_with_loader=\u00bboff\u00bb da_has_shadow=\u00bbon\u00bb][et_pb_fullwidth_header text_orientation=\u00bbcenter\u00bb background_overlay_color=\u00bb#848389&#8243; _builder_version=\u00bb4.0.2&#8243; title_font=\u00bb|||on|||||\u00bb title_font_size=\u00bb36px\u00bb title_letter_spacing=\u00bb7px\u00bb background_color=\u00bb#ffffff\u00bb background_enable_image=\u00bboff\u00bb max_width=\u00bb100%\u00bb height=\u00bb128px\u00bb custom_padding=\u00bb12px||||false|false\u00bb] SERVICIOS [\/et_pb_fullwidth_header][\/et_pb_section][et_pb_section fb_built=\u00bb1&#8243; _builder_version=\u00bb4.0.2&#8243; da_disable_devices=\u00bboff|off|off\u00bb da_is_popup=\u00bboff\u00bb da_exit_intent=\u00bboff\u00bb da_has_close=\u00bbon\u00bb da_alt_close=\u00bboff\u00bb da_dark_close=\u00bboff\u00bb da_not_modal=\u00bbon\u00bb da_is_singular=\u00bboff\u00bb da_with_loader=\u00bboff\u00bb da_has_shadow=\u00bbon\u00bb][et_pb_row column_structure=\u00bb1_2,1_2&#8243; _builder_version=\u00bb4.0.2&#8243;][et_pb_column type=\u00bb1_2&#8243; _builder_version=\u00bb4.0.2&#8243;][et_pb_image src=\u00bbhttp:\/\/agacorporativa.com\/gt\/wp-content\/uploads\/2020\/08\/investigacion.png\u00bb _builder_version=\u00bb4.0.2&#8243; animation_style=\u00bbslide\u00bb animation_direction=\u00bbright\u00bb][\/et_pb_image][\/et_pb_column][et_pb_column type=\u00bb1_2&#8243; _builder_version=\u00bb4.0.2&#8243;][et_pb_text _builder_version=\u00bb4.0.2&#8243; animation_style=\u00bbslide\u00bb animation_direction=\u00bbleft\u00bb] Investigaci\u00f3n Desarrollamos todo [&hellip;]","og_url":"http:\/\/agacorporativa.com\/gt\/servicios\/","og_site_name":"AGA &amp; Asociados | Guatemala","article_modified_time":"2020-09-01T20:52:04+00:00","twitter_card":"summary_large_image","twitter_misc":{"Tiempo de lectura":"6 minutos"},"schema":{"@context":"https:\/\/schema.org","@graph":[{"@type":"WebSite","@id":"https:\/\/agacorporativa.com\/gt\/#website","url":"https:\/\/agacorporativa.com\/gt\/","name":"AGA &amp; Asociados | Guatemala","description":"Consultor\u00eda y Comunicaci\u00f3n","potentialAction":[{"@type":"SearchAction","target":{"@type":"EntryPoint","urlTemplate":"https:\/\/agacorporativa.com\/gt\/?s={search_term_string}"},"query-input":"required name=search_term_string"}],"inLanguage":"es"},{"@type":"WebPage","@id":"http:\/\/agacorporativa.com\/gt\/servicios\/#webpage","url":"http:\/\/agacorporativa.com\/gt\/servicios\/","name":"Servicios - AGA &amp; Asociados | Guatemala","isPartOf":{"@id":"https:\/\/agacorporativa.com\/gt\/#website"},"datePublished":"2020-08-24T03:54:41+00:00","dateModified":"2020-09-01T20:52:04+00:00","breadcrumb":{"@id":"http:\/\/agacorporativa.com\/gt\/servicios\/#breadcrumb"},"inLanguage":"es","potentialAction":[{"@type":"ReadAction","target":["http:\/\/agacorporativa.com\/gt\/servicios\/"]}]},{"@type":"BreadcrumbList","@id":"http:\/\/agacorporativa.com\/gt\/servicios\/#breadcrumb","itemListElement":[{"@type":"ListItem","position":1,"name":"Portada","item":"https:\/\/agacorporativa.com\/gt\/"},{"@type":"ListItem","position":2,"name":"Servicios"}]}]}},"_links":{"self":[{"href":"http:\/\/agacorporativa.com\/gt\/wp-json\/wp\/v2\/pages\/283"}],"collection":[{"href":"http:\/\/agacorporativa.com\/gt\/wp-json\/wp\/v2\/pages"}],"about":[{"href":"http:\/\/agacorporativa.com\/gt\/wp-json\/wp\/v2\/types\/page"}],"author":[{"embeddable":true,"href":"http:\/\/agacorporativa.com\/gt\/wp-json\/wp\/v2\/users\/2"}],"replies":[{"embeddable":true,"href":"http:\/\/agacorporativa.com\/gt\/wp-json\/wp\/v2\/comments?post=283"}],"version-history":[{"count":14,"href":"http:\/\/agacorporativa.com\/gt\/wp-json\/wp\/v2\/pages\/283\/revisions"}],"predecessor-version":[{"id":767,"href":"http:\/\/agacorporativa.com\/gt\/wp-json\/wp\/v2\/pages\/283\/revisions\/767"}],"wp:attachment":[{"href":"http:\/\/agacorporativa.com\/gt\/wp-json\/wp\/v2\/media?parent=283"}],"curies":[{"name":"wp","href":"https:\/\/api.w.org\/{rel}","templated":true}]}}