{"id":194,"date":"2020-08-22T17:32:58","date_gmt":"2020-08-22T17:32:58","guid":{"rendered":"http:\/\/agacorporativa.com\/gt\/?page_id=194"},"modified":"2020-09-11T23:49:36","modified_gmt":"2020-09-11T23:49:36","slug":"nuestro-equipo","status":"publish","type":"page","link":"http:\/\/agacorporativa.com\/gt\/nuestro-equipo\/","title":{"rendered":"Nuestro Equipo"},"content":{"rendered":"<p>[et_pb_section fb_built=\u00bb1&#8243; fullwidth=\u00bbon\u00bb _builder_version=\u00bb4.0.2&#8243; da_disable_devices=\u00bboff|off|off\u00bb da_is_popup=\u00bboff\u00bb da_exit_intent=\u00bboff\u00bb da_has_close=\u00bbon\u00bb da_alt_close=\u00bboff\u00bb da_dark_close=\u00bboff\u00bb da_not_modal=\u00bbon\u00bb da_is_singular=\u00bboff\u00bb da_with_loader=\u00bboff\u00bb da_has_shadow=\u00bbon\u00bb][et_pb_fullwidth_header text_orientation=\u00bbcenter\u00bb background_overlay_color=\u00bb#848389&#8243; _builder_version=\u00bb4.0.2&#8243; title_font=\u00bb|||on|||||\u00bb title_font_size=\u00bb36px\u00bb title_letter_spacing=\u00bb2px\u00bb background_color=\u00bb#ffffff\u00bb background_enable_image=\u00bboff\u00bb max_width=\u00bb100%\u00bb height=\u00bb128px\u00bb height_tablet=\u00bb\u00bb height_phone=\u00bb\u00bb height_last_edited=\u00bbon|phone\u00bb custom_margin=\u00bb0px||||false|false\u00bb custom_padding=\u00bb6px||||false|false\u00bb title_font_size_tablet=\u00bb\u00bb title_font_size_phone=\u00bb30px\u00bb title_font_size_last_edited=\u00bbon|phone\u00bb]<\/p>\n<h1>Equipo de direcci\u00f3n<\/h1>\n<p>[\/et_pb_fullwidth_header][\/et_pb_section][et_pb_section fb_built=\u00bb1&#8243; _builder_version=\u00bb4.0.2&#8243; da_disable_devices=\u00bboff|off|off\u00bb da_is_popup=\u00bboff\u00bb da_exit_intent=\u00bboff\u00bb da_has_close=\u00bbon\u00bb da_alt_close=\u00bboff\u00bb da_dark_close=\u00bboff\u00bb da_not_modal=\u00bbon\u00bb da_is_singular=\u00bboff\u00bb da_with_loader=\u00bboff\u00bb da_has_shadow=\u00bbon\u00bb][et_pb_row column_structure=\u00bb1_3,1_3,1_3&#8243; _builder_version=\u00bb4.0.2&#8243;][et_pb_column type=\u00bb1_3&#8243; _builder_version=\u00bb4.0.2&#8243;][et_pb_team_member name=\u00bbAtilio Garc\u00eda Aguilera\u00bb position=\u00bbPresidente\u00bb image_url=\u00bbhttp:\/\/agacorporativa.com\/gt\/wp-content\/uploads\/2020\/09\/Foto-Atilio-para-sitio-web-final211111-300&#215;300.jpg\u00bb _builder_version=\u00bb4.0.2&#8243; header_text_color=\u00bb#2ba19b\u00bb header_font_size=\u00bb22px\u00bb text_orientation=\u00bbleft\u00bb width=\u00bb100%\u00bb link_option_url=\u00bb#atilio\u00bb]<\/p>\n<div class=\"vc_row wpb_row vc_row-fluid\">\n<div class=\"vc_col-sm-12 wpb_column vc_column_container \">\n<div class=\"wpb_wrapper\">\n<div class=\"wpb_text_column wpb_content_element \">\n<div class=\"wpb_wrapper\" style=\"text-align: center;\">\n<p style=\"text-align: justify;\"><strong><\/strong><\/p>\n<p style=\"text-align: justify;\">\n<\/div>\n<\/div>\n<\/div>\n<\/div>\n<\/div>\n<p>[\/et_pb_team_member][\/et_pb_column][et_pb_column type=\u00bb1_3&#8243; _builder_version=\u00bb4.0.2&#8243;][et_pb_team_member name=\u00bbAnna Evelyn Valdez\u00bb position=\u00bbDirectora \u00bb image_url=\u00bbhttp:\/\/agacorporativa.com\/gt\/wp-content\/uploads\/2020\/09\/Foto-Anna-Evelyn-Valdez.jpg\u00bb _builder_version=\u00bb4.0.2&#8243; header_text_color=\u00bb#2ba19b\u00bb header_font_size=\u00bb22px\u00bb text_orientation=\u00bbleft\u00bb width=\u00bb95%\u00bb custom_margin=\u00bb||||false|false\u00bb link_option_url=\u00bb#mar\u00bb][\/et_pb_team_member][\/et_pb_column][et_pb_column type=\u00bb1_3&#8243; _builder_version=\u00bb4.0.2&#8243;][\/et_pb_column][\/et_pb_row][\/et_pb_section][et_pb_section fb_built=\u00bb1&#8243; module_id=\u00bbatilio\u00bb module_class=\u00bbpopup\u00bb _builder_version=\u00bb4.0.2&#8243; da_is_popup=\u00bbon\u00bb da_popup_slug=\u00bbatilio\u00bb da_disable_devices=\u00bboff|off|off\u00bb da_exit_intent=\u00bboff\u00bb da_has_close=\u00bbon\u00bb da_alt_close=\u00bboff\u00bb da_dark_close=\u00bboff\u00bb da_not_modal=\u00bbon\u00bb da_is_singular=\u00bboff\u00bb da_with_loader=\u00bboff\u00bb da_has_shadow=\u00bbon\u00bb][et_pb_row column_structure=\u00bb1_2,1_2&#8243; _builder_version=\u00bb4.0.2&#8243;][et_pb_column type=\u00bb1_2&#8243; _builder_version=\u00bb4.0.2&#8243;][et_pb_image src=\u00bbhttp:\/\/agacorporativa.com\/gt\/wp-content\/uploads\/2020\/09\/Foto-Atilio-para-sitio-web-final211111-300&#215;300.jpg\u00bb _builder_version=\u00bb4.0.2&#8243;][\/et_pb_image][\/et_pb_column][et_pb_column type=\u00bb1_2&#8243; _builder_version=\u00bb4.0.2&#8243;][et_pb_text _builder_version=\u00bb4.0.2&#8243; hover_enabled=\u00bb0&#8243;]<\/p>\n<h2>Presidente<\/h2>\n<p>&nbsp;<\/p>\n<p style=\"text-align: justify;\"><strong>Atilio Garc\u00eda Aguilera<\/strong> es uno de los pioneros de la consultor\u00eda en comunicaci\u00f3n estrat\u00e9gica en su pa\u00eds, El Salvador, y posiblemente en Centroam\u00e9rica, aplicada a la comunicaci\u00f3n institucional y corporativa.<\/p>\n<p style=\"text-align: justify;\">Ha dirigido numerosos trabajos vinculados al tema como investigaciones, campa\u00f1as publicitarias, auditor\u00edas de comunicaci\u00f3n, as\u00ed como estrategias y planes para instituciones p\u00fablicas y privadas. Ha estado al frente de consultor\u00edas para organismos como el Banco Mundial, Banco Interamericano de Desarrollo, Giz, entre otros, y para proyectos financiados por la Uni\u00f3n Europea y USAID.<\/p>\n<p style=\"text-align: justify;\">En el campo de la capacitaci\u00f3n ha impartido cursos diversos sobre temas de comunicaci\u00f3n, como publicidad, planeamiento estrat\u00e9gico de la comunicaci\u00f3n, comunicaci\u00f3n corporativa, formaci\u00f3n de voceros, redacci\u00f3n, c\u00f3mo hablar en p\u00fablico, entre otros. Tambi\u00e9n ha ejercido el periodismo y la docencia universitaria.<\/p>\n<p>&nbsp;<\/p>\n<p>[\/et_pb_text][\/et_pb_column][\/et_pb_row][\/et_pb_section][et_pb_section fb_built=\u00bb1&#8243; module_id=\u00bbmar\u00bb module_class=\u00bbpopup\u00bb _builder_version=\u00bb4.0.2&#8243; da_is_popup=\u00bbon\u00bb da_popup_slug=\u00bbmar\u00bb da_disable_devices=\u00bboff|off|off\u00bb da_exit_intent=\u00bboff\u00bb da_has_close=\u00bbon\u00bb da_alt_close=\u00bboff\u00bb da_dark_close=\u00bboff\u00bb da_not_modal=\u00bbon\u00bb da_is_singular=\u00bboff\u00bb da_with_loader=\u00bboff\u00bb da_has_shadow=\u00bbon\u00bb][et_pb_row column_structure=\u00bb1_2,1_2&#8243; _builder_version=\u00bb4.0.2&#8243;][et_pb_column type=\u00bb1_2&#8243; _builder_version=\u00bb4.0.2&#8243;][et_pb_image src=\u00bbhttp:\/\/agacorporativa.com\/gt\/wp-content\/uploads\/2020\/09\/Foto-Anna-Evelyn-Valdez.jpg\u00bb _builder_version=\u00bb4.0.2&#8243;][\/et_pb_image][\/et_pb_column][et_pb_column type=\u00bb1_2&#8243; _builder_version=\u00bb4.0.2&#8243;][et_pb_text _builder_version=\u00bb4.0.2&#8243;]<\/p>\n<h2>Directora<\/h2>\n<p>&nbsp;<\/p>\n<p style=\"text-align: justify;\"><strong>Anna Evelyn Valdez <\/strong><span>Licenciada en Ciencias de la Comunicaci\u00f3n por la Universidad Rafael Land\u00edvar y un t\u00edtulo de Master en Direcci\u00f3n de Comunicaci\u00f3n Empresarial e Institucional, por la Universidad Aut\u00f3noma de Barcelona.<\/span><\/p>\n<p style=\"text-align: justify;\"><span>Cuenta con m\u00e1s de 24 a\u00f1os de experiencia en diversas \u00e1reas de la comunicaci\u00f3n empresarial e institucional. Actualmente se encuentra a cargo del equipo local, desarrollando un Contrato de Comunicaci\u00f3n y Visibilidad de la Uni\u00f3n Europea en Guatemala. <\/span><\/p>\n<p style=\"text-align: justify;\"><span>Ha llevado a cabo actividades de comunicaci\u00f3n empresarial y relaciones p\u00fablicas como Consultora Senior y responsable de cuentas regionales. Tambi\u00e9n se ha desarrollado en cargos directivos y de jefaturas en diversas empresas de medios de comunicaci\u00f3n, y ha sido Directora de Proyectos en \u00e1reas de investigaci\u00f3n de Mercados en la empresa Compass Consulting.<\/span><\/p>\n<p>[\/et_pb_text][\/et_pb_column][\/et_pb_row][\/et_pb_section]<\/p>\n","protected":false},"excerpt":{"rendered":"<p>[et_pb_section fb_built=\u00bb1&#8243; fullwidth=\u00bbon\u00bb _builder_version=\u00bb4.0.2&#8243; da_disable_devices=\u00bboff|off|off\u00bb da_is_popup=\u00bboff\u00bb da_exit_intent=\u00bboff\u00bb da_has_close=\u00bbon\u00bb da_alt_close=\u00bboff\u00bb da_dark_close=\u00bboff\u00bb da_not_modal=\u00bbon\u00bb da_is_singular=\u00bboff\u00bb da_with_loader=\u00bboff\u00bb da_has_shadow=\u00bbon\u00bb][et_pb_fullwidth_header text_orientation=\u00bbcenter\u00bb background_overlay_color=\u00bb#848389&#8243; _builder_version=\u00bb4.0.2&#8243; title_font=\u00bb|||on|||||\u00bb title_font_size=\u00bb36px\u00bb title_letter_spacing=\u00bb2px\u00bb background_color=\u00bb#ffffff\u00bb background_enable_image=\u00bboff\u00bb max_width=\u00bb100%\u00bb height=\u00bb128px\u00bb height_tablet=\u00bb\u00bb height_phone=\u00bb\u00bb height_last_edited=\u00bbon|phone\u00bb custom_margin=\u00bb0px||||false|false\u00bb custom_padding=\u00bb6px||||false|false\u00bb title_font_size_tablet=\u00bb\u00bb title_font_size_phone=\u00bb30px\u00bb title_font_size_last_edited=\u00bbon|phone\u00bb] Equipo de direcci\u00f3n [\/et_pb_fullwidth_header][\/et_pb_section][et_pb_section fb_built=\u00bb1&#8243; _builder_version=\u00bb4.0.2&#8243; da_disable_devices=\u00bboff|off|off\u00bb da_is_popup=\u00bboff\u00bb da_exit_intent=\u00bboff\u00bb da_has_close=\u00bbon\u00bb da_alt_close=\u00bboff\u00bb da_dark_close=\u00bboff\u00bb da_not_modal=\u00bbon\u00bb da_is_singular=\u00bboff\u00bb da_with_loader=\u00bboff\u00bb da_has_shadow=\u00bbon\u00bb][et_pb_row column_structure=\u00bb1_3,1_3,1_3&#8243; _builder_version=\u00bb4.0.2&#8243;][et_pb_column type=\u00bb1_3&#8243; _builder_version=\u00bb4.0.2&#8243;][et_pb_team_member name=\u00bbAtilio Garc\u00eda Aguilera\u00bb [&hellip;]<\/p>\n","protected":false},"author":2,"featured_media":0,"parent":0,"menu_order":0,"comment_status":"closed","ping_status":"closed","template":"","meta":{"_et_pb_use_builder":"on","_et_pb_old_content":""},"yoast_head":"<!-- This site is optimized with the Yoast SEO plugin v18.8 - https:\/\/yoast.com\/wordpress\/plugins\/seo\/ -->\n<title>Nuestro Equipo - AGA &amp; Asociados | Guatemala<\/title>\n<meta name=\"robots\" content=\"index, follow, max-snippet:-1, max-image-preview:large, max-video-preview:-1\" \/>\n<link rel=\"canonical\" href=\"http:\/\/agacorporativa.com\/gt\/nuestro-equipo\/\" \/>\n<meta property=\"og:locale\" content=\"es_ES\" \/>\n<meta property=\"og:type\" content=\"article\" \/>\n<meta property=\"og:title\" content=\"Nuestro Equipo - AGA &amp; Asociados | Guatemala\" \/>\n<meta property=\"og:description\" content=\"[et_pb_section fb_built=\u00bb1&#8243; fullwidth=\u00bbon\u00bb _builder_version=\u00bb4.0.2&#8243; da_disable_devices=\u00bboff|off|off\u00bb da_is_popup=\u00bboff\u00bb da_exit_intent=\u00bboff\u00bb da_has_close=\u00bbon\u00bb da_alt_close=\u00bboff\u00bb da_dark_close=\u00bboff\u00bb da_not_modal=\u00bbon\u00bb da_is_singular=\u00bboff\u00bb da_with_loader=\u00bboff\u00bb da_has_shadow=\u00bbon\u00bb][et_pb_fullwidth_header text_orientation=\u00bbcenter\u00bb background_overlay_color=\u00bb#848389&#8243; _builder_version=\u00bb4.0.2&#8243; title_font=\u00bb|||on|||||\u00bb title_font_size=\u00bb36px\u00bb title_letter_spacing=\u00bb2px\u00bb background_color=\u00bb#ffffff\u00bb background_enable_image=\u00bboff\u00bb max_width=\u00bb100%\u00bb height=\u00bb128px\u00bb height_tablet=\u00bb\u00bb height_phone=\u00bb\u00bb height_last_edited=\u00bbon|phone\u00bb custom_margin=\u00bb0px||||false|false\u00bb custom_padding=\u00bb6px||||false|false\u00bb title_font_size_tablet=\u00bb\u00bb title_font_size_phone=\u00bb30px\u00bb title_font_size_last_edited=\u00bbon|phone\u00bb] Equipo de direcci\u00f3n [\/et_pb_fullwidth_header][\/et_pb_section][et_pb_section fb_built=\u00bb1&#8243; _builder_version=\u00bb4.0.2&#8243; da_disable_devices=\u00bboff|off|off\u00bb da_is_popup=\u00bboff\u00bb da_exit_intent=\u00bboff\u00bb da_has_close=\u00bbon\u00bb da_alt_close=\u00bboff\u00bb da_dark_close=\u00bboff\u00bb da_not_modal=\u00bbon\u00bb da_is_singular=\u00bboff\u00bb da_with_loader=\u00bboff\u00bb da_has_shadow=\u00bbon\u00bb][et_pb_row column_structure=\u00bb1_3,1_3,1_3&#8243; _builder_version=\u00bb4.0.2&#8243;][et_pb_column type=\u00bb1_3&#8243; _builder_version=\u00bb4.0.2&#8243;][et_pb_team_member name=\u00bbAtilio Garc\u00eda Aguilera\u00bb [&hellip;]\" \/>\n<meta property=\"og:url\" content=\"http:\/\/agacorporativa.com\/gt\/nuestro-equipo\/\" \/>\n<meta property=\"og:site_name\" content=\"AGA &amp; Asociados | Guatemala\" \/>\n<meta property=\"article:modified_time\" content=\"2020-09-11T23:49:36+00:00\" \/>\n<meta name=\"twitter:card\" content=\"summary_large_image\" \/>\n<meta name=\"twitter:label1\" content=\"Tiempo de lectura\" \/>\n\t<meta name=\"twitter:data1\" content=\"4 minutos\" \/>\n<script type=\"application\/ld+json\" class=\"yoast-schema-graph\">{\"@context\":\"https:\/\/schema.org\",\"@graph\":[{\"@type\":\"WebSite\",\"@id\":\"https:\/\/agacorporativa.com\/gt\/#website\",\"url\":\"https:\/\/agacorporativa.com\/gt\/\",\"name\":\"AGA &amp; Asociados | Guatemala\",\"description\":\"Consultor\u00eda y Comunicaci\u00f3n\",\"potentialAction\":[{\"@type\":\"SearchAction\",\"target\":{\"@type\":\"EntryPoint\",\"urlTemplate\":\"https:\/\/agacorporativa.com\/gt\/?s={search_term_string}\"},\"query-input\":\"required name=search_term_string\"}],\"inLanguage\":\"es\"},{\"@type\":\"WebPage\",\"@id\":\"http:\/\/agacorporativa.com\/gt\/nuestro-equipo\/#webpage\",\"url\":\"http:\/\/agacorporativa.com\/gt\/nuestro-equipo\/\",\"name\":\"Nuestro Equipo - AGA &amp; Asociados | Guatemala\",\"isPartOf\":{\"@id\":\"https:\/\/agacorporativa.com\/gt\/#website\"},\"datePublished\":\"2020-08-22T17:32:58+00:00\",\"dateModified\":\"2020-09-11T23:49:36+00:00\",\"breadcrumb\":{\"@id\":\"http:\/\/agacorporativa.com\/gt\/nuestro-equipo\/#breadcrumb\"},\"inLanguage\":\"es\",\"potentialAction\":[{\"@type\":\"ReadAction\",\"target\":[\"http:\/\/agacorporativa.com\/gt\/nuestro-equipo\/\"]}]},{\"@type\":\"BreadcrumbList\",\"@id\":\"http:\/\/agacorporativa.com\/gt\/nuestro-equipo\/#breadcrumb\",\"itemListElement\":[{\"@type\":\"ListItem\",\"position\":1,\"name\":\"Portada\",\"item\":\"https:\/\/agacorporativa.com\/gt\/\"},{\"@type\":\"ListItem\",\"position\":2,\"name\":\"Nuestro Equipo\"}]}]}<\/script>\n<!-- \/ Yoast SEO plugin. -->","yoast_head_json":{"title":"Nuestro Equipo - AGA &amp; Asociados | Guatemala","robots":{"index":"index","follow":"follow","max-snippet":"max-snippet:-1","max-image-preview":"max-image-preview:large","max-video-preview":"max-video-preview:-1"},"canonical":"http:\/\/agacorporativa.com\/gt\/nuestro-equipo\/","og_locale":"es_ES","og_type":"article","og_title":"Nuestro Equipo - AGA &amp; Asociados | Guatemala","og_description":"[et_pb_section fb_built=\u00bb1&#8243; fullwidth=\u00bbon\u00bb _builder_version=\u00bb4.0.2&#8243; da_disable_devices=\u00bboff|off|off\u00bb da_is_popup=\u00bboff\u00bb da_exit_intent=\u00bboff\u00bb da_has_close=\u00bbon\u00bb da_alt_close=\u00bboff\u00bb da_dark_close=\u00bboff\u00bb da_not_modal=\u00bbon\u00bb da_is_singular=\u00bboff\u00bb da_with_loader=\u00bboff\u00bb da_has_shadow=\u00bbon\u00bb][et_pb_fullwidth_header text_orientation=\u00bbcenter\u00bb background_overlay_color=\u00bb#848389&#8243; _builder_version=\u00bb4.0.2&#8243; title_font=\u00bb|||on|||||\u00bb title_font_size=\u00bb36px\u00bb title_letter_spacing=\u00bb2px\u00bb background_color=\u00bb#ffffff\u00bb background_enable_image=\u00bboff\u00bb max_width=\u00bb100%\u00bb height=\u00bb128px\u00bb height_tablet=\u00bb\u00bb height_phone=\u00bb\u00bb height_last_edited=\u00bbon|phone\u00bb custom_margin=\u00bb0px||||false|false\u00bb custom_padding=\u00bb6px||||false|false\u00bb title_font_size_tablet=\u00bb\u00bb title_font_size_phone=\u00bb30px\u00bb title_font_size_last_edited=\u00bbon|phone\u00bb] Equipo de direcci\u00f3n [\/et_pb_fullwidth_header][\/et_pb_section][et_pb_section fb_built=\u00bb1&#8243; _builder_version=\u00bb4.0.2&#8243; da_disable_devices=\u00bboff|off|off\u00bb da_is_popup=\u00bboff\u00bb da_exit_intent=\u00bboff\u00bb da_has_close=\u00bbon\u00bb da_alt_close=\u00bboff\u00bb da_dark_close=\u00bboff\u00bb da_not_modal=\u00bbon\u00bb da_is_singular=\u00bboff\u00bb da_with_loader=\u00bboff\u00bb da_has_shadow=\u00bbon\u00bb][et_pb_row column_structure=\u00bb1_3,1_3,1_3&#8243; _builder_version=\u00bb4.0.2&#8243;][et_pb_column type=\u00bb1_3&#8243; _builder_version=\u00bb4.0.2&#8243;][et_pb_team_member name=\u00bbAtilio Garc\u00eda Aguilera\u00bb [&hellip;]","og_url":"http:\/\/agacorporativa.com\/gt\/nuestro-equipo\/","og_site_name":"AGA &amp; Asociados | Guatemala","article_modified_time":"2020-09-11T23:49:36+00:00","twitter_card":"summary_large_image","twitter_misc":{"Tiempo de lectura":"4 minutos"},"schema":{"@context":"https:\/\/schema.org","@graph":[{"@type":"WebSite","@id":"https:\/\/agacorporativa.com\/gt\/#website","url":"https:\/\/agacorporativa.com\/gt\/","name":"AGA &amp; Asociados | Guatemala","description":"Consultor\u00eda y Comunicaci\u00f3n","potentialAction":[{"@type":"SearchAction","target":{"@type":"EntryPoint","urlTemplate":"https:\/\/agacorporativa.com\/gt\/?s={search_term_string}"},"query-input":"required name=search_term_string"}],"inLanguage":"es"},{"@type":"WebPage","@id":"http:\/\/agacorporativa.com\/gt\/nuestro-equipo\/#webpage","url":"http:\/\/agacorporativa.com\/gt\/nuestro-equipo\/","name":"Nuestro Equipo - AGA &amp; Asociados | Guatemala","isPartOf":{"@id":"https:\/\/agacorporativa.com\/gt\/#website"},"datePublished":"2020-08-22T17:32:58+00:00","dateModified":"2020-09-11T23:49:36+00:00","breadcrumb":{"@id":"http:\/\/agacorporativa.com\/gt\/nuestro-equipo\/#breadcrumb"},"inLanguage":"es","potentialAction":[{"@type":"ReadAction","target":["http:\/\/agacorporativa.com\/gt\/nuestro-equipo\/"]}]},{"@type":"BreadcrumbList","@id":"http:\/\/agacorporativa.com\/gt\/nuestro-equipo\/#breadcrumb","itemListElement":[{"@type":"ListItem","position":1,"name":"Portada","item":"https:\/\/agacorporativa.com\/gt\/"},{"@type":"ListItem","position":2,"name":"Nuestro Equipo"}]}]}},"_links":{"self":[{"href":"http:\/\/agacorporativa.com\/gt\/wp-json\/wp\/v2\/pages\/194"}],"collection":[{"href":"http:\/\/agacorporativa.com\/gt\/wp-json\/wp\/v2\/pages"}],"about":[{"href":"http:\/\/agacorporativa.com\/gt\/wp-json\/wp\/v2\/types\/page"}],"author":[{"embeddable":true,"href":"http:\/\/agacorporativa.com\/gt\/wp-json\/wp\/v2\/users\/2"}],"replies":[{"embeddable":true,"href":"http:\/\/agacorporativa.com\/gt\/wp-json\/wp\/v2\/comments?post=194"}],"version-history":[{"count":32,"href":"http:\/\/agacorporativa.com\/gt\/wp-json\/wp\/v2\/pages\/194\/revisions"}],"predecessor-version":[{"id":885,"href":"http:\/\/agacorporativa.com\/gt\/wp-json\/wp\/v2\/pages\/194\/revisions\/885"}],"wp:attachment":[{"href":"http:\/\/agacorporativa.com\/gt\/wp-json\/wp\/v2\/media?parent=194"}],"curies":[{"name":"wp","href":"https:\/\/api.w.org\/{rel}","templated":true}]}}