{"id":167,"date":"2020-08-22T16:22:28","date_gmt":"2020-08-22T16:22:28","guid":{"rendered":"http:\/\/agacorporativa.com\/gt\/?page_id=167"},"modified":"2020-09-07T19:54:16","modified_gmt":"2020-09-07T19:54:16","slug":"nuestra-firma","status":"publish","type":"page","link":"http:\/\/agacorporativa.com\/gt\/nuestra-firma\/","title":{"rendered":"Nuestra Firma"},"content":{"rendered":"<p>[et_pb_section fb_built=\u00bb1&#8243; fullwidth=\u00bbon\u00bb _builder_version=\u00bb4.0.2&#8243; da_disable_devices=\u00bboff|off|off\u00bb da_is_popup=\u00bboff\u00bb da_exit_intent=\u00bboff\u00bb da_has_close=\u00bbon\u00bb da_alt_close=\u00bboff\u00bb da_dark_close=\u00bboff\u00bb da_not_modal=\u00bbon\u00bb da_is_singular=\u00bboff\u00bb da_with_loader=\u00bboff\u00bb da_has_shadow=\u00bbon\u00bb][et_pb_fullwidth_header text_orientation=\u00bbcenter\u00bb background_overlay_color=\u00bb#848389&#8243; _builder_version=\u00bb4.0.2&#8243; title_font=\u00bb|||on|||||\u00bb title_font_size=\u00bb36px\u00bb title_letter_spacing=\u00bb7px\u00bb background_color=\u00bb#ffffff\u00bb background_enable_image=\u00bboff\u00bb max_width=\u00bb100%\u00bb height=\u00bb128px\u00bb custom_margin=\u00bb0px||||false|false\u00bb custom_padding=\u00bb10px||0px||false|false\u00bb]<\/p>\n<h1>Nuestra Firma<\/h1>\n<p>[\/et_pb_fullwidth_header][\/et_pb_section][et_pb_section fb_built=\u00bb1&#8243; _builder_version=\u00bb4.0.2&#8243; da_disable_devices=\u00bboff|off|off\u00bb da_is_popup=\u00bboff\u00bb da_exit_intent=\u00bboff\u00bb da_has_close=\u00bbon\u00bb da_alt_close=\u00bboff\u00bb da_dark_close=\u00bboff\u00bb da_not_modal=\u00bbon\u00bb da_is_singular=\u00bboff\u00bb da_with_loader=\u00bboff\u00bb da_has_shadow=\u00bbon\u00bb][et_pb_row column_structure=\u00bb1_2,1_2&#8243; _builder_version=\u00bb4.0.2&#8243;][et_pb_column type=\u00bb1_2&#8243; _builder_version=\u00bb4.0.2&#8243;][et_pb_text _builder_version=\u00bb4.0.2&#8243; hover_enabled=\u00bb0&#8243; header_font_size=\u00bb20px\u00bb]<\/p>\n<h1><span style=\"color: #2ba19b;\">CONSULTOR\u00cdA EN COMUNICACI\u00d3N ESTRAT\u00c9GICA<br \/> <\/span><\/h1>\n<p style=\"text-align: justify;\"><strong>En AGA trabajamos con base en tres pilares<\/strong><\/p>\n<p style=\"text-align: justify;\">1. \u201cEstrategiamos\u201d (expresi\u00f3n acu\u00f1ada para describir nuestro C\u00edrculo Virtuoso de la Comunicaci\u00f3n: desarrollamos diagn\u00f3sticos sobre los cuales planificamos, ejecutamos y evaluamos los procesos de comunicaci\u00f3n)<\/p>\n<p style=\"text-align: justify;\">2. Producimos el contenido estrat\u00e9gico con t\u00e9cnicos expertos en diferentes disciplinas (que los convierten en mensajes prioritarios)<\/p>\n<p style=\"text-align: justify;\">3. Colocamos ese contenido estrat\u00e9gicos en canales donde mejor funcionen con enfoque multimedia integral (cari\u00f1osamente llamados EMI).<\/p>\n<p style=\"text-align: justify;\">Esto lo logramos con una metodolog\u00eda b\u00e1sica que a la vez es la etiqueta com\u00fan del equipo: \u00a1Pas\u00e1rnosla bien! Hacemos esto por pasi\u00f3n\u2026 Porque nos fascina lo que hacemos\u2026 Nos hacemos parte de la organizaci\u00f3n que nos contrata y la sentimos como nuestra.<\/p>\n<p style=\"text-align: justify;\">Nos retamos y reinventamos cada evento, cada proyecto nos pedimos algo nuevo, nos proponemos pensar, aportar, caminar el \u201cextra metro\u201d. Porque para nosotros esto no es un trabajo, es un estilo de vida.<\/p>\n<p style=\"text-align: justify;\">Lo autoconfesamos\u2026 S\u00ed, Somos acad\u00e9micos. Pero no de biblioteca (nada m\u00e1s). Nos encantan las bibliotecas y ah\u00ed nos formamos. Entre libros y pantallas. Pero salimos de ah\u00ed al mundo a confirmar o refutar teor\u00edas, a crear las propias, a criticarlas y validarlas todas. A trasladarlas a encuestas, focus o entrevistas, estrategias y evaluaciones. Y vivimos las calles, oficinas y el campo\u2026 Monta\u00f1as y escuelas, l\u00edderes y empresas.<\/p>\n<p style=\"text-align: justify;\">De ah\u00ed surgen nuestros an\u00e1lisis y recomendaciones: Del conocimiento generado en lo le\u00eddo, vivido y compartido en cada diagn\u00f3stico, en cada estrategia, en cada campa\u00f1a, en cada hashtag\u2026 Eso somos. Eso hacemos en AGA. Y mucho m\u00e1s.<\/p>\n<p>[\/et_pb_text][\/et_pb_column][et_pb_column type=\u00bb1_2&#8243; _builder_version=\u00bb4.0.2&#8243;][et_pb_image src=\u00bbhttp:\/\/agacorporativa.com\/gt\/wp-content\/uploads\/2020\/08\/aga-reunidos-snow-glass.jpg\u00bb _builder_version=\u00bb4.0.2&#8243;][\/et_pb_image][\/et_pb_column][\/et_pb_row][\/et_pb_section][et_pb_section fb_built=\u00bb1&#8243; inner_shadow=\u00bbon\u00bb _builder_version=\u00bb4.0.2&#8243; background_enable_color=\u00bboff\u00bb use_background_color_gradient=\u00bbon\u00bb background_color_gradient_start=\u00bbrgba(255,255,255,0.67)\u00bb background_color_gradient_end=\u00bb#ffffff\u00bb background_color_gradient_overlays_image=\u00bbon\u00bb background_image=\u00bbhttp:\/\/agacorporativa.com\/gt\/wp-content\/uploads\/2020\/08\/piezas-ajedrez-white.jpg\u00bb parallax=\u00bbon\u00bb parallax_method=\u00bboff\u00bb custom_margin=\u00bb||-2px|||\u00bb da_disable_devices=\u00bboff|off|off\u00bb da_is_popup=\u00bboff\u00bb da_exit_intent=\u00bboff\u00bb da_has_close=\u00bbon\u00bb da_alt_close=\u00bboff\u00bb da_dark_close=\u00bboff\u00bb da_not_modal=\u00bbon\u00bb da_is_singular=\u00bboff\u00bb da_with_loader=\u00bboff\u00bb da_has_shadow=\u00bbon\u00bb][et_pb_row _builder_version=\u00bb4.0.2&#8243;][et_pb_column type=\u00bb4_4&#8243; _builder_version=\u00bb4.0.2&#8243;][et_pb_image src=\u00bbhttp:\/\/agacorporativa.com\/gt\/wp-content\/uploads\/2020\/08\/peones.png\u00bb align=\u00bbcenter\u00bb _builder_version=\u00bb4.0.2&#8243;][\/et_pb_image][et_pb_text _builder_version=\u00bb4.0.2&#8243; width=\u00bb57%\u00bb module_alignment=\u00bbcenter\u00bb border_radii=\u00bboff||||\u00bb border_width_bottom=\u00bb1px\u00bb border_color_bottom=\u00bb#8e8e8e\u00bb border_style_bottom=\u00bbdotted\u00bb]<\/p>\n<h2 style=\"text-align: center;\">Misi\u00f3n<\/h2>\n<p>[\/et_pb_text][et_pb_text _builder_version=\u00bb4.0.2&#8243; text_font_size=\u00bb16px\u00bb width=\u00bb57%\u00bb module_alignment=\u00bbcenter\u00bb]<\/p>\n<p style=\"text-align: center;\">Contribuir al logro de los objetivos de nuestros clientes desde una perspectiva comunicacional, con alta calidad t\u00e9cnica y principios \u00e9ticos.<\/p>\n<p>[\/et_pb_text][et_pb_divider show_divider=\u00bboff\u00bb _builder_version=\u00bb4.0.2&#8243; custom_margin=\u00bb10px||||false|false\u00bb][\/et_pb_divider][et_pb_text _builder_version=\u00bb4.0.2&#8243; width=\u00bb57%\u00bb module_alignment=\u00bbcenter\u00bb border_radii=\u00bboff||||\u00bb border_width_bottom=\u00bb1px\u00bb border_color_bottom=\u00bb#8e8e8e\u00bb border_style_bottom=\u00bbdotted\u00bb]<\/p>\n<h2 style=\"text-align: center;\">Visi\u00f3n<\/h2>\n<p>[\/et_pb_text][et_pb_text _builder_version=\u00bb4.0.2&#8243; text_font_size=\u00bb16px\u00bb width=\u00bb57%\u00bb module_alignment=\u00bbcenter\u00bb]<\/p>\n<p style=\"text-align: center;\">Ser una empresa consultora referente en la regi\u00f3n centroamericana, que goza de una excelente reputaci\u00f3n, fundamentada en la satisfacci\u00f3n de nuestros clientes, en nuestra actuaci\u00f3n responsable y comprometida con el beneficio empresarial y social del entorno en donde trabajamos y en un equipo altamente profesional que encuentra realizaci\u00f3n por lo que hace y aporta al mundo.<\/p>\n<p>[\/et_pb_text][\/et_pb_column][\/et_pb_row][\/et_pb_section]<\/p>\n","protected":false},"excerpt":{"rendered":"<p>[et_pb_section fb_built=\u00bb1&#8243; fullwidth=\u00bbon\u00bb _builder_version=\u00bb4.0.2&#8243; da_disable_devices=\u00bboff|off|off\u00bb da_is_popup=\u00bboff\u00bb da_exit_intent=\u00bboff\u00bb da_has_close=\u00bbon\u00bb da_alt_close=\u00bboff\u00bb da_dark_close=\u00bboff\u00bb da_not_modal=\u00bbon\u00bb da_is_singular=\u00bboff\u00bb da_with_loader=\u00bboff\u00bb da_has_shadow=\u00bbon\u00bb][et_pb_fullwidth_header text_orientation=\u00bbcenter\u00bb background_overlay_color=\u00bb#848389&#8243; _builder_version=\u00bb4.0.2&#8243; title_font=\u00bb|||on|||||\u00bb title_font_size=\u00bb36px\u00bb title_letter_spacing=\u00bb7px\u00bb background_color=\u00bb#ffffff\u00bb background_enable_image=\u00bboff\u00bb max_width=\u00bb100%\u00bb height=\u00bb128px\u00bb custom_margin=\u00bb0px||||false|false\u00bb custom_padding=\u00bb10px||0px||false|false\u00bb] Nuestra Firma [\/et_pb_fullwidth_header][\/et_pb_section][et_pb_section fb_built=\u00bb1&#8243; _builder_version=\u00bb4.0.2&#8243; da_disable_devices=\u00bboff|off|off\u00bb da_is_popup=\u00bboff\u00bb da_exit_intent=\u00bboff\u00bb da_has_close=\u00bbon\u00bb da_alt_close=\u00bboff\u00bb da_dark_close=\u00bboff\u00bb da_not_modal=\u00bbon\u00bb da_is_singular=\u00bboff\u00bb da_with_loader=\u00bboff\u00bb da_has_shadow=\u00bbon\u00bb][et_pb_row column_structure=\u00bb1_2,1_2&#8243; _builder_version=\u00bb4.0.2&#8243;][et_pb_column type=\u00bb1_2&#8243; _builder_version=\u00bb4.0.2&#8243;][et_pb_text _builder_version=\u00bb4.0.2&#8243; hover_enabled=\u00bb0&#8243; header_font_size=\u00bb20px\u00bb] CONSULTOR\u00cdA EN COMUNICACI\u00d3N ESTRAT\u00c9GICA En AGA trabajamos [&hellip;]<\/p>\n","protected":false},"author":2,"featured_media":0,"parent":0,"menu_order":0,"comment_status":"closed","ping_status":"closed","template":"","meta":{"_et_pb_use_builder":"on","_et_pb_old_content":""},"yoast_head":"<!-- This site is optimized with the Yoast SEO plugin v18.8 - https:\/\/yoast.com\/wordpress\/plugins\/seo\/ -->\n<title>Nuestra Firma - AGA &amp; Asociados | Guatemala<\/title>\n<meta name=\"robots\" content=\"index, follow, max-snippet:-1, max-image-preview:large, max-video-preview:-1\" \/>\n<link rel=\"canonical\" href=\"https:\/\/agacorporativa.com\/gt\/nuestra-firma\/\" \/>\n<meta property=\"og:locale\" content=\"es_ES\" \/>\n<meta property=\"og:type\" content=\"article\" \/>\n<meta property=\"og:title\" content=\"Nuestra Firma - AGA &amp; Asociados | Guatemala\" \/>\n<meta property=\"og:description\" content=\"[et_pb_section fb_built=\u00bb1&#8243; fullwidth=\u00bbon\u00bb _builder_version=\u00bb4.0.2&#8243; da_disable_devices=\u00bboff|off|off\u00bb da_is_popup=\u00bboff\u00bb da_exit_intent=\u00bboff\u00bb da_has_close=\u00bbon\u00bb da_alt_close=\u00bboff\u00bb da_dark_close=\u00bboff\u00bb da_not_modal=\u00bbon\u00bb da_is_singular=\u00bboff\u00bb da_with_loader=\u00bboff\u00bb da_has_shadow=\u00bbon\u00bb][et_pb_fullwidth_header text_orientation=\u00bbcenter\u00bb background_overlay_color=\u00bb#848389&#8243; _builder_version=\u00bb4.0.2&#8243; title_font=\u00bb|||on|||||\u00bb title_font_size=\u00bb36px\u00bb title_letter_spacing=\u00bb7px\u00bb background_color=\u00bb#ffffff\u00bb background_enable_image=\u00bboff\u00bb max_width=\u00bb100%\u00bb height=\u00bb128px\u00bb custom_margin=\u00bb0px||||false|false\u00bb custom_padding=\u00bb10px||0px||false|false\u00bb] Nuestra Firma [\/et_pb_fullwidth_header][\/et_pb_section][et_pb_section fb_built=\u00bb1&#8243; _builder_version=\u00bb4.0.2&#8243; da_disable_devices=\u00bboff|off|off\u00bb da_is_popup=\u00bboff\u00bb da_exit_intent=\u00bboff\u00bb da_has_close=\u00bbon\u00bb da_alt_close=\u00bboff\u00bb da_dark_close=\u00bboff\u00bb da_not_modal=\u00bbon\u00bb da_is_singular=\u00bboff\u00bb da_with_loader=\u00bboff\u00bb da_has_shadow=\u00bbon\u00bb][et_pb_row column_structure=\u00bb1_2,1_2&#8243; _builder_version=\u00bb4.0.2&#8243;][et_pb_column type=\u00bb1_2&#8243; _builder_version=\u00bb4.0.2&#8243;][et_pb_text _builder_version=\u00bb4.0.2&#8243; hover_enabled=\u00bb0&#8243; header_font_size=\u00bb20px\u00bb] CONSULTOR\u00cdA EN COMUNICACI\u00d3N ESTRAT\u00c9GICA En AGA trabajamos [&hellip;]\" \/>\n<meta property=\"og:url\" content=\"https:\/\/agacorporativa.com\/gt\/nuestra-firma\/\" \/>\n<meta property=\"og:site_name\" content=\"AGA &amp; Asociados | Guatemala\" \/>\n<meta property=\"article:modified_time\" content=\"2020-09-07T19:54:16+00:00\" \/>\n<meta name=\"twitter:card\" content=\"summary_large_image\" \/>\n<meta name=\"twitter:label1\" content=\"Tiempo de lectura\" \/>\n\t<meta name=\"twitter:data1\" content=\"4 minutos\" \/>\n<script type=\"application\/ld+json\" class=\"yoast-schema-graph\">{\"@context\":\"https:\/\/schema.org\",\"@graph\":[{\"@type\":\"WebSite\",\"@id\":\"https:\/\/agacorporativa.com\/gt\/#website\",\"url\":\"https:\/\/agacorporativa.com\/gt\/\",\"name\":\"AGA &amp; Asociados | Guatemala\",\"description\":\"Consultor\u00eda y Comunicaci\u00f3n\",\"potentialAction\":[{\"@type\":\"SearchAction\",\"target\":{\"@type\":\"EntryPoint\",\"urlTemplate\":\"https:\/\/agacorporativa.com\/gt\/?s={search_term_string}\"},\"query-input\":\"required name=search_term_string\"}],\"inLanguage\":\"es\"},{\"@type\":\"WebPage\",\"@id\":\"https:\/\/agacorporativa.com\/gt\/nuestra-firma\/#webpage\",\"url\":\"https:\/\/agacorporativa.com\/gt\/nuestra-firma\/\",\"name\":\"Nuestra Firma - AGA &amp; Asociados | Guatemala\",\"isPartOf\":{\"@id\":\"https:\/\/agacorporativa.com\/gt\/#website\"},\"datePublished\":\"2020-08-22T16:22:28+00:00\",\"dateModified\":\"2020-09-07T19:54:16+00:00\",\"breadcrumb\":{\"@id\":\"https:\/\/agacorporativa.com\/gt\/nuestra-firma\/#breadcrumb\"},\"inLanguage\":\"es\",\"potentialAction\":[{\"@type\":\"ReadAction\",\"target\":[\"https:\/\/agacorporativa.com\/gt\/nuestra-firma\/\"]}]},{\"@type\":\"BreadcrumbList\",\"@id\":\"https:\/\/agacorporativa.com\/gt\/nuestra-firma\/#breadcrumb\",\"itemListElement\":[{\"@type\":\"ListItem\",\"position\":1,\"name\":\"Portada\",\"item\":\"https:\/\/agacorporativa.com\/gt\/\"},{\"@type\":\"ListItem\",\"position\":2,\"name\":\"Nuestra Firma\"}]}]}<\/script>\n<!-- \/ Yoast SEO plugin. -->","yoast_head_json":{"title":"Nuestra Firma - AGA &amp; Asociados | Guatemala","robots":{"index":"index","follow":"follow","max-snippet":"max-snippet:-1","max-image-preview":"max-image-preview:large","max-video-preview":"max-video-preview:-1"},"canonical":"https:\/\/agacorporativa.com\/gt\/nuestra-firma\/","og_locale":"es_ES","og_type":"article","og_title":"Nuestra Firma - AGA &amp; Asociados | Guatemala","og_description":"[et_pb_section fb_built=\u00bb1&#8243; fullwidth=\u00bbon\u00bb _builder_version=\u00bb4.0.2&#8243; da_disable_devices=\u00bboff|off|off\u00bb da_is_popup=\u00bboff\u00bb da_exit_intent=\u00bboff\u00bb da_has_close=\u00bbon\u00bb da_alt_close=\u00bboff\u00bb da_dark_close=\u00bboff\u00bb da_not_modal=\u00bbon\u00bb da_is_singular=\u00bboff\u00bb da_with_loader=\u00bboff\u00bb da_has_shadow=\u00bbon\u00bb][et_pb_fullwidth_header text_orientation=\u00bbcenter\u00bb background_overlay_color=\u00bb#848389&#8243; _builder_version=\u00bb4.0.2&#8243; title_font=\u00bb|||on|||||\u00bb title_font_size=\u00bb36px\u00bb title_letter_spacing=\u00bb7px\u00bb background_color=\u00bb#ffffff\u00bb background_enable_image=\u00bboff\u00bb max_width=\u00bb100%\u00bb height=\u00bb128px\u00bb custom_margin=\u00bb0px||||false|false\u00bb custom_padding=\u00bb10px||0px||false|false\u00bb] Nuestra Firma [\/et_pb_fullwidth_header][\/et_pb_section][et_pb_section fb_built=\u00bb1&#8243; _builder_version=\u00bb4.0.2&#8243; da_disable_devices=\u00bboff|off|off\u00bb da_is_popup=\u00bboff\u00bb da_exit_intent=\u00bboff\u00bb da_has_close=\u00bbon\u00bb da_alt_close=\u00bboff\u00bb da_dark_close=\u00bboff\u00bb da_not_modal=\u00bbon\u00bb da_is_singular=\u00bboff\u00bb da_with_loader=\u00bboff\u00bb da_has_shadow=\u00bbon\u00bb][et_pb_row column_structure=\u00bb1_2,1_2&#8243; _builder_version=\u00bb4.0.2&#8243;][et_pb_column type=\u00bb1_2&#8243; _builder_version=\u00bb4.0.2&#8243;][et_pb_text _builder_version=\u00bb4.0.2&#8243; hover_enabled=\u00bb0&#8243; header_font_size=\u00bb20px\u00bb] CONSULTOR\u00cdA EN COMUNICACI\u00d3N ESTRAT\u00c9GICA En AGA trabajamos [&hellip;]","og_url":"https:\/\/agacorporativa.com\/gt\/nuestra-firma\/","og_site_name":"AGA &amp; Asociados | Guatemala","article_modified_time":"2020-09-07T19:54:16+00:00","twitter_card":"summary_large_image","twitter_misc":{"Tiempo de lectura":"4 minutos"},"schema":{"@context":"https:\/\/schema.org","@graph":[{"@type":"WebSite","@id":"https:\/\/agacorporativa.com\/gt\/#website","url":"https:\/\/agacorporativa.com\/gt\/","name":"AGA &amp; Asociados | Guatemala","description":"Consultor\u00eda y Comunicaci\u00f3n","potentialAction":[{"@type":"SearchAction","target":{"@type":"EntryPoint","urlTemplate":"https:\/\/agacorporativa.com\/gt\/?s={search_term_string}"},"query-input":"required name=search_term_string"}],"inLanguage":"es"},{"@type":"WebPage","@id":"https:\/\/agacorporativa.com\/gt\/nuestra-firma\/#webpage","url":"https:\/\/agacorporativa.com\/gt\/nuestra-firma\/","name":"Nuestra Firma - AGA &amp; Asociados | Guatemala","isPartOf":{"@id":"https:\/\/agacorporativa.com\/gt\/#website"},"datePublished":"2020-08-22T16:22:28+00:00","dateModified":"2020-09-07T19:54:16+00:00","breadcrumb":{"@id":"https:\/\/agacorporativa.com\/gt\/nuestra-firma\/#breadcrumb"},"inLanguage":"es","potentialAction":[{"@type":"ReadAction","target":["https:\/\/agacorporativa.com\/gt\/nuestra-firma\/"]}]},{"@type":"BreadcrumbList","@id":"https:\/\/agacorporativa.com\/gt\/nuestra-firma\/#breadcrumb","itemListElement":[{"@type":"ListItem","position":1,"name":"Portada","item":"https:\/\/agacorporativa.com\/gt\/"},{"@type":"ListItem","position":2,"name":"Nuestra Firma"}]}]}},"_links":{"self":[{"href":"http:\/\/agacorporativa.com\/gt\/wp-json\/wp\/v2\/pages\/167"}],"collection":[{"href":"http:\/\/agacorporativa.com\/gt\/wp-json\/wp\/v2\/pages"}],"about":[{"href":"http:\/\/agacorporativa.com\/gt\/wp-json\/wp\/v2\/types\/page"}],"author":[{"embeddable":true,"href":"http:\/\/agacorporativa.com\/gt\/wp-json\/wp\/v2\/users\/2"}],"replies":[{"embeddable":true,"href":"http:\/\/agacorporativa.com\/gt\/wp-json\/wp\/v2\/comments?post=167"}],"version-history":[{"count":19,"href":"http:\/\/agacorporativa.com\/gt\/wp-json\/wp\/v2\/pages\/167\/revisions"}],"predecessor-version":[{"id":805,"href":"http:\/\/agacorporativa.com\/gt\/wp-json\/wp\/v2\/pages\/167\/revisions\/805"}],"wp:attachment":[{"href":"http:\/\/agacorporativa.com\/gt\/wp-json\/wp\/v2\/media?parent=167"}],"curies":[{"name":"wp","href":"https:\/\/api.w.org\/{rel}","templated":true}]}}